{"id":69,"date":"2024-05-13T11:38:03","date_gmt":"2024-05-13T09:38:03","guid":{"rendered":"https:\/\/dompolska.pl\/?page_id=69"},"modified":"2026-01-20T18:51:00","modified_gmt":"2026-01-20T17:51:00","slug":"technologa","status":"publish","type":"page","link":"https:\/\/dompolska.pl\/?page_id=69","title":{"rendered":"TECHNOLOGIA"},"content":{"rendered":"\t\t<div data-elementor-type=\"wp-page\" data-elementor-id=\"69\" class=\"elementor elementor-69\">\n\t\t\t\t<div class=\"elementor-element elementor-element-6fd067b e-flex e-con-boxed e-con e-parent\" data-id=\"6fd067b\" data-element_type=\"container\" data-e-type=\"container\">\n\t\t\t\t\t<div class=\"e-con-inner\">\n\t\t\t\t<div class=\"elementor-element elementor-element-9258ac3 elementor-invisible elementor-widget elementor-widget-heading\" data-id=\"9258ac3\" data-element_type=\"widget\" data-e-type=\"widget\" data-settings=\"{&quot;_animation&quot;:&quot;fadeInLeft&quot;}\" data-widget_type=\"heading.default\">\n\t\t\t\t<div class=\"elementor-widget-container\">\n\t\t\t\t\t<h2 class=\"elementor-heading-title elementor-size-default\">Budujemy w dw\u00f3ch solidnych i sprawdzonych technologiach<\/h2>\t\t\t\t<\/div>\n\t\t\t\t<\/div>\n\t\t\t\t<div class=\"elementor-element elementor-element-586fbf3 elementor-widget-divider--view-line elementor-widget elementor-widget-divider\" data-id=\"586fbf3\" data-element_type=\"widget\" data-e-type=\"widget\" data-widget_type=\"divider.default\">\n\t\t\t\t<div class=\"elementor-widget-container\">\n\t\t\t\t\t\t\t<div class=\"elementor-divider\">\n\t\t\t<span class=\"elementor-divider-separator\">\n\t\t\t\t\t\t<\/span>\n\t\t<\/div>\n\t\t\t\t\t\t<\/div>\n\t\t\t\t<\/div>\n\t\t\t\t\t<\/div>\n\t\t\t\t<\/div>\n\t\t<div class=\"elementor-element elementor-element-6ff3207 e-flex e-con-boxed e-con e-parent\" data-id=\"6ff3207\" data-element_type=\"container\" data-e-type=\"container\" data-settings=\"{&quot;background_background&quot;:&quot;classic&quot;}\">\n\t\t\t\t\t<div class=\"e-con-inner\">\n\t\t<div class=\"elementor-element elementor-element-cb13833 e-con-full e-flex e-con e-child\" data-id=\"cb13833\" data-element_type=\"container\" data-e-type=\"container\" data-settings=\"{&quot;background_background&quot;:&quot;classic&quot;}\">\n\t\t\t\t<div class=\"elementor-element elementor-element-df673c3 elementor-invisible elementor-widget elementor-widget-heading\" data-id=\"df673c3\" data-element_type=\"widget\" data-e-type=\"widget\" data-settings=\"{&quot;_animation&quot;:&quot;fadeInLeft&quot;}\" data-widget_type=\"heading.default\">\n\t\t\t\t<div class=\"elementor-widget-container\">\n\t\t\t\t\t<h2 class=\"elementor-heading-title elementor-size-default\">TECHNOLOGIA DREWNIANA<\/h2>\t\t\t\t<\/div>\n\t\t\t\t<\/div>\n\t\t\t\t<div class=\"elementor-element elementor-element-2075718 elementor-widget elementor-widget-text-editor\" data-id=\"2075718\" data-element_type=\"widget\" data-e-type=\"widget\" data-widget_type=\"text-editor.default\">\n\t\t\t\t<div class=\"elementor-widget-container\">\n\t\t\t\t\t\t\t\t\t<p>Drewno C24<\/p>\t\t\t\t\t\t\t\t<\/div>\n\t\t\t\t<\/div>\n\t\t\t\t<div class=\"elementor-element elementor-element-fbcb3c2 elementor-align-center elementor-widget elementor-widget-button\" data-id=\"fbcb3c2\" data-element_type=\"widget\" data-e-type=\"widget\" data-widget_type=\"button.default\">\n\t\t\t\t<div class=\"elementor-widget-container\">\n\t\t\t\t\t\t\t\t\t<div class=\"elementor-button-wrapper\">\n\t\t\t\t\t<a class=\"elementor-button elementor-button-link elementor-size-sm\" href=\"https:\/\/dompolska.pl\/?page_id=18242\">\n\t\t\t\t\t\t<span class=\"elementor-button-content-wrapper\">\n\t\t\t\t\t\t<span class=\"elementor-button-icon\">\n\t\t\t\t<svg aria-hidden=\"true\" class=\"e-font-icon-svg e-fas-angle-right\" viewBox=\"0 0 256 512\" xmlns=\"http:\/\/www.w3.org\/2000\/svg\"><path d=\"M224.3 273l-136 136c-9.4 9.4-24.6 9.4-33.9 0l-22.6-22.6c-9.4-9.4-9.4-24.6 0-33.9l96.4-96.4-96.4-96.4c-9.4-9.4-9.4-24.6 0-33.9L54.3 103c9.4-9.4 24.6-9.4 33.9 0l136 136c9.5 9.4 9.5 24.6.1 34z\"><\/path><\/svg>\t\t\t<\/span>\n\t\t\t\t\t\t\t\t\t<span class=\"elementor-button-text\">Zobacz szczeg\u00f3\u0142y<\/span>\n\t\t\t\t\t<\/span>\n\t\t\t\t\t<\/a>\n\t\t\t\t<\/div>\n\t\t\t\t\t\t\t\t<\/div>\n\t\t\t\t<\/div>\n\t\t\t\t<\/div>\n\t\t<div class=\"elementor-element elementor-element-93729c6 e-con-full e-flex e-con e-child\" data-id=\"93729c6\" data-element_type=\"container\" data-e-type=\"container\" data-settings=\"{&quot;background_background&quot;:&quot;classic&quot;}\">\n\t\t\t\t<div class=\"elementor-element elementor-element-0aa61e4 elementor-invisible elementor-widget elementor-widget-heading\" data-id=\"0aa61e4\" data-element_type=\"widget\" data-e-type=\"widget\" data-settings=\"{&quot;_animation&quot;:&quot;fadeInRight&quot;}\" data-widget_type=\"heading.default\">\n\t\t\t\t<div class=\"elementor-widget-container\">\n\t\t\t\t\t<h2 class=\"elementor-heading-title elementor-size-default\">TECHNOLOGIA MUROWANA<\/h2>\t\t\t\t<\/div>\n\t\t\t\t<\/div>\n\t\t\t\t<div class=\"elementor-element elementor-element-dcb44f5 elementor-widget elementor-widget-text-editor\" data-id=\"dcb44f5\" data-element_type=\"widget\" data-e-type=\"widget\" data-widget_type=\"text-editor.default\">\n\t\t\t\t<div class=\"elementor-widget-container\">\n\t\t\t\t\t\t\t\t\t<p>Bloczek kom\u00f3rkowy<\/p>\t\t\t\t\t\t\t\t<\/div>\n\t\t\t\t<\/div>\n\t\t\t\t<div class=\"elementor-element elementor-element-b7aed15 elementor-align-center elementor-widget elementor-widget-button\" data-id=\"b7aed15\" data-element_type=\"widget\" data-e-type=\"widget\" data-widget_type=\"button.default\">\n\t\t\t\t<div class=\"elementor-widget-container\">\n\t\t\t\t\t\t\t\t\t<div class=\"elementor-button-wrapper\">\n\t\t\t\t\t<a class=\"elementor-button elementor-button-link elementor-size-sm\" href=\"https:\/\/dompolska.pl\/?page_id=18224\">\n\t\t\t\t\t\t<span class=\"elementor-button-content-wrapper\">\n\t\t\t\t\t\t<span class=\"elementor-button-icon\">\n\t\t\t\t<svg aria-hidden=\"true\" class=\"e-font-icon-svg e-fas-angle-right\" viewBox=\"0 0 256 512\" xmlns=\"http:\/\/www.w3.org\/2000\/svg\"><path d=\"M224.3 273l-136 136c-9.4 9.4-24.6 9.4-33.9 0l-22.6-22.6c-9.4-9.4-9.4-24.6 0-33.9l96.4-96.4-96.4-96.4c-9.4-9.4-9.4-24.6 0-33.9L54.3 103c9.4-9.4 24.6-9.4 33.9 0l136 136c9.5 9.4 9.5 24.6.1 34z\"><\/path><\/svg>\t\t\t<\/span>\n\t\t\t\t\t\t\t\t\t<span class=\"elementor-button-text\">Zobacz szczeg\u00f3\u0142y <\/span>\n\t\t\t\t\t<\/span>\n\t\t\t\t\t<\/a>\n\t\t\t\t<\/div>\n\t\t\t\t\t\t\t\t<\/div>\n\t\t\t\t<\/div>\n\t\t\t\t<\/div>\n\t\t\t\t\t<\/div>\n\t\t\t\t<\/div>\n\t\t\t\t<\/div>\n\t\t","protected":false},"excerpt":{"rendered":"<p>Budujemy w dw\u00f3ch solidnych i sprawdzonych technologiach TECHNOLOGIA DREWNIANA Drewno C24 Zobacz szczeg\u00f3\u0142y TECHNOLOGIA MUROWANA Bloczek kom\u00f3rkowy Zobacz szczeg\u00f3\u0142y<\/p>\n","protected":false},"author":6,"featured_media":0,"parent":0,"menu_order":0,"comment_status":"closed","ping_status":"closed","template":"","meta":{"site-sidebar-layout":"no-sidebar","site-content-layout":"","ast-site-content-layout":"full-width-container","site-content-style":"default","site-sidebar-style":"default","ast-global-header-display":"","ast-banner-title-visibility":"","ast-main-header-display":"","ast-hfb-above-header-display":"","ast-hfb-below-header-display":"","ast-hfb-mobile-header-display":"","site-post-title":"disabled","ast-breadcrumbs-content":"","ast-featured-img":"disabled","footer-sml-layout":"","ast-disable-related-posts":"","theme-transparent-header-meta":"","adv-header-id-meta":"","stick-header-meta":"","header-above-stick-meta":"","header-main-stick-meta":"","header-below-stick-meta":"","astra-migrate-meta-layouts":"default","ast-page-background-enabled":"default","ast-page-background-meta":{"desktop":{"background-color":"var(--ast-global-color-4)","background-image":"","background-repeat":"repeat","background-position":"center center","background-size":"auto","background-attachment":"scroll","background-type":"","background-media":"","overlay-type":"","overlay-color":"","overlay-opacity":"","overlay-gradient":""},"tablet":{"background-color":"","background-image":"","background-repeat":"repeat","background-position":"center center","background-size":"auto","background-attachment":"scroll","background-type":"","background-media":"","overlay-type":"","overlay-color":"","overlay-opacity":"","overlay-gradient":""},"mobile":{"background-color":"","background-image":"","background-repeat":"repeat","background-position":"center center","background-size":"auto","background-attachment":"scroll","background-type":"","background-media":"","overlay-type":"","overlay-color":"","overlay-opacity":"","overlay-gradient":""}},"ast-content-background-meta":{"desktop":{"background-color":"var(--ast-global-color-5)","background-image":"","background-repeat":"repeat","background-position":"center center","background-size":"auto","background-attachment":"scroll","background-type":"","background-media":"","overlay-type":"","overlay-color":"","overlay-opacity":"","overlay-gradient":""},"tablet":{"background-color":"var(--ast-global-color-5)","background-image":"","background-repeat":"repeat","background-position":"center center","background-size":"auto","background-attachment":"scroll","background-type":"","background-media":"","overlay-type":"","overlay-color":"","overlay-opacity":"","overlay-gradient":""},"mobile":{"background-color":"var(--ast-global-color-5)","background-image":"","background-repeat":"repeat","background-position":"center center","background-size":"auto","background-attachment":"scroll","background-type":"","background-media":"","overlay-type":"","overlay-color":"","overlay-opacity":"","overlay-gradient":""}},"footnotes":""},"class_list":["post-69","page","type-page","status-publish","hentry"],"yoast_head":"<!-- This site is optimized with the Yoast SEO plugin v27.4 - https:\/\/yoast.com\/product\/yoast-seo-wordpress\/ -->\n<title>TECHNOLOGIA - Budujemy domy parterowe<\/title>\n<meta name=\"robots\" content=\"index, follow, max-snippet:-1, max-image-preview:large, max-video-preview:-1\" \/>\n<link rel=\"canonical\" href=\"https:\/\/dompolska.pl\/?page_id=69\" \/>\n<meta property=\"og:locale\" content=\"pl_PL\" \/>\n<meta property=\"og:type\" content=\"article\" \/>\n<meta property=\"og:title\" content=\"TECHNOLOGIA - Budujemy domy parterowe\" \/>\n<meta property=\"og:description\" content=\"Budujemy w dw\u00f3ch solidnych i sprawdzonych technologiach TECHNOLOGIA DREWNIANA Drewno C24 Zobacz szczeg\u00f3\u0142y TECHNOLOGIA MUROWANA Bloczek kom\u00f3rkowy Zobacz szczeg\u00f3\u0142y\" \/>\n<meta property=\"og:url\" content=\"https:\/\/dompolska.pl\/?page_id=69\" \/>\n<meta property=\"og:site_name\" content=\"Budujemy domy parterowe\" \/>\n<meta property=\"article:publisher\" content=\"https:\/\/www.facebook.com\/profile.php?id=61573777104565\" \/>\n<meta property=\"article:modified_time\" content=\"2026-01-20T17:51:00+00:00\" \/>\n<meta name=\"twitter:card\" content=\"summary_large_image\" \/>\n<script type=\"application\/ld+json\" class=\"yoast-schema-graph\">{\"@context\":\"https:\\\/\\\/schema.org\",\"@graph\":[{\"@type\":\"WebPage\",\"@id\":\"https:\\\/\\\/dompolska.pl\\\/?page_id=69\",\"url\":\"https:\\\/\\\/dompolska.pl\\\/?page_id=69\",\"name\":\"TECHNOLOGIA - Budujemy domy parterowe\",\"isPartOf\":{\"@id\":\"https:\\\/\\\/dompolska.pl\\\/#website\"},\"datePublished\":\"2024-05-13T09:38:03+00:00\",\"dateModified\":\"2026-01-20T17:51:00+00:00\",\"breadcrumb\":{\"@id\":\"https:\\\/\\\/dompolska.pl\\\/?page_id=69#breadcrumb\"},\"inLanguage\":\"pl-PL\",\"potentialAction\":[{\"@type\":\"ReadAction\",\"target\":[\"https:\\\/\\\/dompolska.pl\\\/?page_id=69\"]}]},{\"@type\":\"BreadcrumbList\",\"@id\":\"https:\\\/\\\/dompolska.pl\\\/?page_id=69#breadcrumb\",\"itemListElement\":[{\"@type\":\"ListItem\",\"position\":1,\"name\":\"Strona g\u0142\u00f3wna\",\"item\":\"https:\\\/\\\/dompolska.pl\\\/\"},{\"@type\":\"ListItem\",\"position\":2,\"name\":\"TECHNOLOGA\"}]},{\"@type\":\"WebSite\",\"@id\":\"https:\\\/\\\/dompolska.pl\\\/#website\",\"url\":\"https:\\\/\\\/dompolska.pl\\\/\",\"name\":\"Budujemy 3 modele dom\u00f3w parterowych\",\"description\":\"\",\"publisher\":{\"@id\":\"https:\\\/\\\/dompolska.pl\\\/#organization\"},\"potentialAction\":[{\"@type\":\"SearchAction\",\"target\":{\"@type\":\"EntryPoint\",\"urlTemplate\":\"https:\\\/\\\/dompolska.pl\\\/?s={search_term_string}\"},\"query-input\":{\"@type\":\"PropertyValueSpecification\",\"valueRequired\":true,\"valueName\":\"search_term_string\"}}],\"inLanguage\":\"pl-PL\"},{\"@type\":\"Organization\",\"@id\":\"https:\\\/\\\/dompolska.pl\\\/#organization\",\"name\":\"DomPolska\",\"url\":\"https:\\\/\\\/dompolska.pl\\\/\",\"logo\":{\"@type\":\"ImageObject\",\"inLanguage\":\"pl-PL\",\"@id\":\"https:\\\/\\\/dompolska.pl\\\/#\\\/schema\\\/logo\\\/image\\\/\",\"url\":\"https:\\\/\\\/dompolska.pl\\\/wp-content\\\/uploads\\\/2026\\\/03\\\/cropped-logo-czarne-przezroczyste.png.png\",\"contentUrl\":\"https:\\\/\\\/dompolska.pl\\\/wp-content\\\/uploads\\\/2026\\\/03\\\/cropped-logo-czarne-przezroczyste.png.png\",\"width\":500,\"height\":167,\"caption\":\"DomPolska\"},\"image\":{\"@id\":\"https:\\\/\\\/dompolska.pl\\\/#\\\/schema\\\/logo\\\/image\\\/\"},\"sameAs\":[\"https:\\\/\\\/www.facebook.com\\\/profile.php?id=61573777104565\"]}]}<\/script>\n<!-- \/ Yoast SEO plugin. -->","yoast_head_json":{"title":"TECHNOLOGIA - Budujemy domy parterowe","robots":{"index":"index","follow":"follow","max-snippet":"max-snippet:-1","max-image-preview":"max-image-preview:large","max-video-preview":"max-video-preview:-1"},"canonical":"https:\/\/dompolska.pl\/?page_id=69","og_locale":"pl_PL","og_type":"article","og_title":"TECHNOLOGIA - Budujemy domy parterowe","og_description":"Budujemy w dw\u00f3ch solidnych i sprawdzonych technologiach TECHNOLOGIA DREWNIANA Drewno C24 Zobacz szczeg\u00f3\u0142y TECHNOLOGIA MUROWANA Bloczek kom\u00f3rkowy Zobacz szczeg\u00f3\u0142y","og_url":"https:\/\/dompolska.pl\/?page_id=69","og_site_name":"Budujemy domy parterowe","article_publisher":"https:\/\/www.facebook.com\/profile.php?id=61573777104565","article_modified_time":"2026-01-20T17:51:00+00:00","twitter_card":"summary_large_image","schema":{"@context":"https:\/\/schema.org","@graph":[{"@type":"WebPage","@id":"https:\/\/dompolska.pl\/?page_id=69","url":"https:\/\/dompolska.pl\/?page_id=69","name":"TECHNOLOGIA - Budujemy domy parterowe","isPartOf":{"@id":"https:\/\/dompolska.pl\/#website"},"datePublished":"2024-05-13T09:38:03+00:00","dateModified":"2026-01-20T17:51:00+00:00","breadcrumb":{"@id":"https:\/\/dompolska.pl\/?page_id=69#breadcrumb"},"inLanguage":"pl-PL","potentialAction":[{"@type":"ReadAction","target":["https:\/\/dompolska.pl\/?page_id=69"]}]},{"@type":"BreadcrumbList","@id":"https:\/\/dompolska.pl\/?page_id=69#breadcrumb","itemListElement":[{"@type":"ListItem","position":1,"name":"Strona g\u0142\u00f3wna","item":"https:\/\/dompolska.pl\/"},{"@type":"ListItem","position":2,"name":"TECHNOLOGA"}]},{"@type":"WebSite","@id":"https:\/\/dompolska.pl\/#website","url":"https:\/\/dompolska.pl\/","name":"Budujemy 3 modele dom\u00f3w parterowych","description":"","publisher":{"@id":"https:\/\/dompolska.pl\/#organization"},"potentialAction":[{"@type":"SearchAction","target":{"@type":"EntryPoint","urlTemplate":"https:\/\/dompolska.pl\/?s={search_term_string}"},"query-input":{"@type":"PropertyValueSpecification","valueRequired":true,"valueName":"search_term_string"}}],"inLanguage":"pl-PL"},{"@type":"Organization","@id":"https:\/\/dompolska.pl\/#organization","name":"DomPolska","url":"https:\/\/dompolska.pl\/","logo":{"@type":"ImageObject","inLanguage":"pl-PL","@id":"https:\/\/dompolska.pl\/#\/schema\/logo\/image\/","url":"https:\/\/dompolska.pl\/wp-content\/uploads\/2026\/03\/cropped-logo-czarne-przezroczyste.png.png","contentUrl":"https:\/\/dompolska.pl\/wp-content\/uploads\/2026\/03\/cropped-logo-czarne-przezroczyste.png.png","width":500,"height":167,"caption":"DomPolska"},"image":{"@id":"https:\/\/dompolska.pl\/#\/schema\/logo\/image\/"},"sameAs":["https:\/\/www.facebook.com\/profile.php?id=61573777104565"]}]}},"_links":{"self":[{"href":"https:\/\/dompolska.pl\/index.php?rest_route=\/wp\/v2\/pages\/69","targetHints":{"allow":["GET"]}}],"collection":[{"href":"https:\/\/dompolska.pl\/index.php?rest_route=\/wp\/v2\/pages"}],"about":[{"href":"https:\/\/dompolska.pl\/index.php?rest_route=\/wp\/v2\/types\/page"}],"author":[{"embeddable":true,"href":"https:\/\/dompolska.pl\/index.php?rest_route=\/wp\/v2\/users\/6"}],"replies":[{"embeddable":true,"href":"https:\/\/dompolska.pl\/index.php?rest_route=%2Fwp%2Fv2%2Fcomments&post=69"}],"version-history":[{"count":38,"href":"https:\/\/dompolska.pl\/index.php?rest_route=\/wp\/v2\/pages\/69\/revisions"}],"predecessor-version":[{"id":18304,"href":"https:\/\/dompolska.pl\/index.php?rest_route=\/wp\/v2\/pages\/69\/revisions\/18304"}],"wp:attachment":[{"href":"https:\/\/dompolska.pl\/index.php?rest_route=%2Fwp%2Fv2%2Fmedia&parent=69"}],"curies":[{"name":"wp","href":"https:\/\/api.w.org\/{rel}","templated":true}]}}