{"id":66,"date":"2024-05-13T11:33:33","date_gmt":"2024-05-13T09:33:33","guid":{"rendered":"https:\/\/dompolska.pl\/?page_id=66"},"modified":"2026-02-04T17:37:43","modified_gmt":"2026-02-04T16:37:43","slug":"o-nas","status":"publish","type":"page","link":"https:\/\/dompolska.pl\/?page_id=66","title":{"rendered":"O NAS"},"content":{"rendered":"\t\t<div data-elementor-type=\"wp-page\" data-elementor-id=\"66\" class=\"elementor elementor-66\">\n\t\t\t\t<div class=\"elementor-element elementor-element-a93d517 e-flex e-con-boxed e-con e-parent\" data-id=\"a93d517\" data-element_type=\"container\" data-e-type=\"container\" data-settings=\"{&quot;background_background&quot;:&quot;classic&quot;}\">\n\t\t\t\t\t<div class=\"e-con-inner\">\n\t\t\t\t<div class=\"elementor-element elementor-element-ec230c0 elementor-widget elementor-widget-heading\" data-id=\"ec230c0\" data-element_type=\"widget\" data-e-type=\"widget\" data-widget_type=\"heading.default\">\n\t\t\t\t<div class=\"elementor-widget-container\">\n\t\t\t\t\t<h2 class=\"elementor-heading-title elementor-size-default\">Budujemy spokojnie. Bez improwizacji i marketingowych obietnic.<\/h2>\t\t\t\t<\/div>\n\t\t\t\t<\/div>\n\t\t\t\t<div class=\"elementor-element elementor-element-36227ae elementor-widget elementor-widget-text-editor\" data-id=\"36227ae\" data-element_type=\"widget\" data-e-type=\"widget\" data-widget_type=\"text-editor.default\">\n\t\t\t\t<div class=\"elementor-widget-container\">\n\t\t\t\t\t\t\t\t\t<p>Dompolska to firma realizuj\u0105ca domy jednorodzinne w spos\u00f3b przewidywalny i uporz\u0105dkowany.<br data-start=\"1125\" data-end=\"1128\" \/>Skupiamy si\u0119 na prostych, parterowych projektach i etapie budowy, kt\u00f3ry decyduje o jako\u015bci ca\u0142ej inwestycji.<\/p>\t\t\t\t\t\t\t\t<\/div>\n\t\t\t\t<\/div>\n\t\t\t\t\t<\/div>\n\t\t\t\t<\/div>\n\t\t<div class=\"elementor-element elementor-element-8e3d2b0 e-flex e-con-boxed e-con e-parent\" data-id=\"8e3d2b0\" data-element_type=\"container\" data-e-type=\"container\">\n\t\t\t\t\t<div class=\"e-con-inner\">\n\t\t\t\t<div class=\"elementor-element elementor-element-b0a8fca elementor-widget elementor-widget-heading\" data-id=\"b0a8fca\" data-element_type=\"widget\" data-e-type=\"widget\" data-widget_type=\"heading.default\">\n\t\t\t\t<div class=\"elementor-widget-container\">\n\t\t\t\t\t<h3 class=\"elementor-heading-title elementor-size-default\">Nie budujemy wszystkiego i nie dla ka\u017cdego.<\/h3>\t\t\t\t<\/div>\n\t\t\t\t<\/div>\n\t\t\t\t<div class=\"elementor-element elementor-element-be84278 elementor-widget elementor-widget-text-editor\" data-id=\"be84278\" data-element_type=\"widget\" data-e-type=\"widget\" data-widget_type=\"text-editor.default\">\n\t\t\t\t<div class=\"elementor-widget-container\">\n\t\t\t\t\t\t\t\t\t<p data-start=\"1335\" data-end=\"1510\">Realizujemy stan surowy otwarty, bo to moment, w kt\u00f3rym powstaje konstrukcja domu \u2014 fundamenty, \u015bciany i dach.<br data-start=\"1445\" data-end=\"1448\" \/>To etap, kt\u00f3rego nie da si\u0119 \u201enaprawi\u0107\u201d p\u00f3\u017aniej wyko\u0144czeniem.<\/p><p data-start=\"1335\" data-end=\"1510\">Dzi\u0119ki temu inwestor:<br \/>\u2013 zna koszty na starcie,<br data-start=\"1562\" data-end=\"1565\" \/>\u2013 unika b\u0142\u0119d\u00f3w konstrukcyjnych,<br data-start=\"1598\" data-end=\"1601\" \/>\u2013 zachowuje elastyczno\u015b\u0107 na dalszych etapach.<\/p>\t\t\t\t\t\t\t\t<\/div>\n\t\t\t\t<\/div>\n\t\t\t\t<div class=\"elementor-element elementor-element-ad63a5b elementor-widget elementor-widget-text-editor\" data-id=\"ad63a5b\" data-element_type=\"widget\" data-e-type=\"widget\" data-widget_type=\"text-editor.default\">\n\t\t\t\t<div class=\"elementor-widget-container\">\n\t\t\t\t\t\t\t\t\t<p>Mamy za sob\u0105 realizacje dom\u00f3w murowanych i szkieletowych oraz inwestycj\u0119 mieszkaniow\u0105 na kilkadziesi\u0105t lokali.<br data-start=\"1861\" data-end=\"1864\" \/>To do\u015bwiadczenie nauczy\u0142o nas jednego: <strong data-start=\"1905\" data-end=\"1986\">najwi\u0119cej problem\u00f3w bierze si\u0119 z po\u015bpiechu i improwizacji na pocz\u0105tku budowy.<\/strong><\/p>\t\t\t\t\t\t\t\t<\/div>\n\t\t\t\t<\/div>\n\t\t\t\t\t<\/div>\n\t\t\t\t<\/div>\n\t\t<div class=\"elementor-element elementor-element-5575054 e-flex e-con-boxed e-con e-parent\" data-id=\"5575054\" data-element_type=\"container\" data-e-type=\"container\" data-settings=\"{&quot;background_background&quot;:&quot;classic&quot;}\">\n\t\t\t\t\t<div class=\"e-con-inner\">\n\t\t\t\t<div class=\"elementor-element elementor-element-0acb5e6 elementor-widget elementor-widget-heading\" data-id=\"0acb5e6\" data-element_type=\"widget\" data-e-type=\"widget\" data-widget_type=\"heading.default\">\n\t\t\t\t<div class=\"elementor-widget-container\">\n\t\t\t\t\t<h3 class=\"elementor-heading-title elementor-size-default\">Czego NIE robimy?<\/h3>\t\t\t\t<\/div>\n\t\t\t\t<\/div>\n\t\t\t\t<div class=\"elementor-element elementor-element-d57cda0 elementor-widget elementor-widget-text-editor\" data-id=\"d57cda0\" data-element_type=\"widget\" data-e-type=\"widget\" data-widget_type=\"text-editor.default\">\n\t\t\t\t<div class=\"elementor-widget-container\">\n\t\t\t\t\t\t\t\t\t<p data-start=\"2122\" data-end=\"2240\">Nie sprzedajemy \u201edom\u00f3w marze\u0144 z katalogu\u201d.<br data-start=\"2164\" data-end=\"2167\" \/>Nie obiecujemy najni\u017cszej ceny.<br data-start=\"2200\" data-end=\"2203\" \/>Nie prowadzimy bud\u00f3w \u201ejak wyjdzie\u201d.<\/p><p data-start=\"2122\" data-end=\"2240\">\u00a0<\/p><p data-start=\"2122\" data-end=\"2240\"><span style=\"font-size: 16px;\">Zamiast tego stawiamy na:<\/span><\/p><p data-start=\"2244\" data-end=\"2337\">\u2013 jasny zakres prac,<br data-start=\"2292\" data-end=\"2295\" \/>\u2013 sta\u0142\u0105 wycen\u0119,<br data-start=\"2312\" data-end=\"2315\" \/>\u2013 sprawdzony proces.<\/p>\t\t\t\t\t\t\t\t<\/div>\n\t\t\t\t<\/div>\n\t\t\t\t\t<\/div>\n\t\t\t\t<\/div>\n\t\t<div class=\"elementor-element elementor-element-5649479 e-flex e-con-boxed e-con e-parent\" data-id=\"5649479\" data-element_type=\"container\" data-e-type=\"container\">\n\t\t\t\t\t<div class=\"e-con-inner\">\n\t\t\t\t<div class=\"elementor-element elementor-element-da28c2f elementor-widget elementor-widget-heading\" data-id=\"da28c2f\" data-element_type=\"widget\" data-e-type=\"widget\" data-widget_type=\"heading.default\">\n\t\t\t\t<div class=\"elementor-widget-container\">\n\t\t\t\t\t<h3 class=\"elementor-heading-title elementor-size-default\">Dla kogo jeste\u015bmy?<\/h3>\t\t\t\t<\/div>\n\t\t\t\t<\/div>\n\t\t\t\t<div class=\"elementor-element elementor-element-46bd39f elementor-widget elementor-widget-text-editor\" data-id=\"46bd39f\" data-element_type=\"widget\" data-e-type=\"widget\" data-widget_type=\"text-editor.default\">\n\t\t\t\t<div class=\"elementor-widget-container\">\n\t\t\t\t\t\t\t\t\t<p data-start=\"2122\" data-end=\"2240\">Pracujemy z osobami, kt\u00f3re chc\u0105:<br \/>\u2013 zrozumie\u0107, co buduj\u0105,<br data-start=\"2439\" data-end=\"2442\" \/>\u2013 mie\u0107 kontrol\u0119 nad bud\u017cetem,<br data-start=\"2473\" data-end=\"2476\" \/>\u2013 podejmowa\u0107 decyzje bez presji.<\/p>\t\t\t\t\t\t\t\t<\/div>\n\t\t\t\t<\/div>\n\t\t\t\t<div class=\"elementor-element elementor-element-8328a58 elementor-widget elementor-widget-heading\" data-id=\"8328a58\" data-element_type=\"widget\" data-e-type=\"widget\" data-widget_type=\"heading.default\">\n\t\t\t\t<div class=\"elementor-widget-container\">\n\t\t\t\t\t<h4 class=\"elementor-heading-title elementor-size-default\">Je\u015bli chcesz sprawdzi\u0107, czy nasz spos\u00f3b pracy pasuje do Twojej dzia\u0142ki i plan\u00f3w \u2014 zapraszamy do rozmowy.<\/h4>\t\t\t\t<\/div>\n\t\t\t\t<\/div>\n\t\t\t\t\t<\/div>\n\t\t\t\t<\/div>\n\t\t\t\t<\/div>\n\t\t","protected":false},"excerpt":{"rendered":"<p>Budujemy spokojnie. Bez improwizacji i marketingowych obietnic. Dompolska to firma realizuj\u0105ca domy jednorodzinne w spos\u00f3b przewidywalny i uporz\u0105dkowany.Skupiamy si\u0119 na [&hellip;]<\/p>\n","protected":false},"author":6,"featured_media":0,"parent":0,"menu_order":0,"comment_status":"closed","ping_status":"open","template":"","meta":{"site-sidebar-layout":"no-sidebar","site-content-layout":"","ast-site-content-layout":"full-width-container","site-content-style":"default","site-sidebar-style":"default","ast-global-header-display":"","ast-banner-title-visibility":"","ast-main-header-display":"","ast-hfb-above-header-display":"","ast-hfb-below-header-display":"","ast-hfb-mobile-header-display":"","site-post-title":"disabled","ast-breadcrumbs-content":"","ast-featured-img":"disabled","footer-sml-layout":"","ast-disable-related-posts":"","theme-transparent-header-meta":"","adv-header-id-meta":"","stick-header-meta":"","header-above-stick-meta":"","header-main-stick-meta":"","header-below-stick-meta":"","astra-migrate-meta-layouts":"default","ast-page-background-enabled":"default","ast-page-background-meta":{"desktop":{"background-color":"var(--ast-global-color-4)","background-image":"","background-repeat":"repeat","background-position":"center center","background-size":"auto","background-attachment":"scroll","background-type":"","background-media":"","overlay-type":"","overlay-color":"","overlay-opacity":"","overlay-gradient":""},"tablet":{"background-color":"","background-image":"","background-repeat":"repeat","background-position":"center center","background-size":"auto","background-attachment":"scroll","background-type":"","background-media":"","overlay-type":"","overlay-color":"","overlay-opacity":"","overlay-gradient":""},"mobile":{"background-color":"","background-image":"","background-repeat":"repeat","background-position":"center center","background-size":"auto","background-attachment":"scroll","background-type":"","background-media":"","overlay-type":"","overlay-color":"","overlay-opacity":"","overlay-gradient":""}},"ast-content-background-meta":{"desktop":{"background-color":"var(--ast-global-color-5)","background-image":"","background-repeat":"repeat","background-position":"center center","background-size":"auto","background-attachment":"scroll","background-type":"","background-media":"","overlay-type":"","overlay-color":"","overlay-opacity":"","overlay-gradient":""},"tablet":{"background-color":"var(--ast-global-color-5)","background-image":"","background-repeat":"repeat","background-position":"center center","background-size":"auto","background-attachment":"scroll","background-type":"","background-media":"","overlay-type":"","overlay-color":"","overlay-opacity":"","overlay-gradient":""},"mobile":{"background-color":"var(--ast-global-color-5)","background-image":"","background-repeat":"repeat","background-position":"center center","background-size":"auto","background-attachment":"scroll","background-type":"","background-media":"","overlay-type":"","overlay-color":"","overlay-opacity":"","overlay-gradient":""}},"footnotes":""},"class_list":["post-66","page","type-page","status-publish","hentry"],"yoast_head":"<!-- This site is optimized with the Yoast SEO plugin v27.4 - https:\/\/yoast.com\/product\/yoast-seo-wordpress\/ -->\n<title>O NAS - Budujemy domy parterowe<\/title>\n<meta name=\"robots\" content=\"index, follow, max-snippet:-1, max-image-preview:large, max-video-preview:-1\" \/>\n<link rel=\"canonical\" href=\"https:\/\/dompolska.pl\/?page_id=66\" \/>\n<meta property=\"og:locale\" content=\"pl_PL\" \/>\n<meta property=\"og:type\" content=\"article\" \/>\n<meta property=\"og:title\" content=\"O NAS - Budujemy domy parterowe\" \/>\n<meta property=\"og:description\" content=\"Budujemy spokojnie. Bez improwizacji i marketingowych obietnic. Dompolska to firma realizuj\u0105ca domy jednorodzinne w spos\u00f3b przewidywalny i uporz\u0105dkowany.Skupiamy si\u0119 na [&hellip;]\" \/>\n<meta property=\"og:url\" content=\"https:\/\/dompolska.pl\/?page_id=66\" \/>\n<meta property=\"og:site_name\" content=\"Budujemy domy parterowe\" \/>\n<meta property=\"article:publisher\" content=\"https:\/\/www.facebook.com\/profile.php?id=61573777104565\" \/>\n<meta property=\"article:modified_time\" content=\"2026-02-04T16:37:43+00:00\" \/>\n<meta property=\"og:image\" content=\"http:\/\/dompolska.pl\/wp-content\/uploads\/2024\/05\/63x63.jpg\" \/>\n<meta name=\"twitter:card\" content=\"summary_large_image\" \/>\n<meta name=\"twitter:label1\" content=\"Szacowany czas czytania\" \/>\n\t<meta name=\"twitter:data1\" content=\"1 minuta\" \/>\n<script type=\"application\/ld+json\" class=\"yoast-schema-graph\">{\"@context\":\"https:\\\/\\\/schema.org\",\"@graph\":[{\"@type\":\"WebPage\",\"@id\":\"https:\\\/\\\/dompolska.pl\\\/?page_id=66\",\"url\":\"https:\\\/\\\/dompolska.pl\\\/?page_id=66\",\"name\":\"O NAS - Budujemy domy parterowe\",\"isPartOf\":{\"@id\":\"https:\\\/\\\/dompolska.pl\\\/#website\"},\"datePublished\":\"2024-05-13T09:33:33+00:00\",\"dateModified\":\"2026-02-04T16:37:43+00:00\",\"breadcrumb\":{\"@id\":\"https:\\\/\\\/dompolska.pl\\\/?page_id=66#breadcrumb\"},\"inLanguage\":\"pl-PL\",\"potentialAction\":[{\"@type\":\"ReadAction\",\"target\":[\"https:\\\/\\\/dompolska.pl\\\/?page_id=66\"]}]},{\"@type\":\"BreadcrumbList\",\"@id\":\"https:\\\/\\\/dompolska.pl\\\/?page_id=66#breadcrumb\",\"itemListElement\":[{\"@type\":\"ListItem\",\"position\":1,\"name\":\"Strona g\u0142\u00f3wna\",\"item\":\"https:\\\/\\\/dompolska.pl\\\/\"},{\"@type\":\"ListItem\",\"position\":2,\"name\":\"O NAS\"}]},{\"@type\":\"WebSite\",\"@id\":\"https:\\\/\\\/dompolska.pl\\\/#website\",\"url\":\"https:\\\/\\\/dompolska.pl\\\/\",\"name\":\"Budujemy 3 modele dom\u00f3w parterowych\",\"description\":\"\",\"publisher\":{\"@id\":\"https:\\\/\\\/dompolska.pl\\\/#organization\"},\"potentialAction\":[{\"@type\":\"SearchAction\",\"target\":{\"@type\":\"EntryPoint\",\"urlTemplate\":\"https:\\\/\\\/dompolska.pl\\\/?s={search_term_string}\"},\"query-input\":{\"@type\":\"PropertyValueSpecification\",\"valueRequired\":true,\"valueName\":\"search_term_string\"}}],\"inLanguage\":\"pl-PL\"},{\"@type\":\"Organization\",\"@id\":\"https:\\\/\\\/dompolska.pl\\\/#organization\",\"name\":\"DomPolska\",\"url\":\"https:\\\/\\\/dompolska.pl\\\/\",\"logo\":{\"@type\":\"ImageObject\",\"inLanguage\":\"pl-PL\",\"@id\":\"https:\\\/\\\/dompolska.pl\\\/#\\\/schema\\\/logo\\\/image\\\/\",\"url\":\"https:\\\/\\\/dompolska.pl\\\/wp-content\\\/uploads\\\/2026\\\/03\\\/cropped-logo-czarne-przezroczyste.png.png\",\"contentUrl\":\"https:\\\/\\\/dompolska.pl\\\/wp-content\\\/uploads\\\/2026\\\/03\\\/cropped-logo-czarne-przezroczyste.png.png\",\"width\":500,\"height\":167,\"caption\":\"DomPolska\"},\"image\":{\"@id\":\"https:\\\/\\\/dompolska.pl\\\/#\\\/schema\\\/logo\\\/image\\\/\"},\"sameAs\":[\"https:\\\/\\\/www.facebook.com\\\/profile.php?id=61573777104565\"]}]}<\/script>\n<!-- \/ Yoast SEO plugin. -->","yoast_head_json":{"title":"O NAS - Budujemy domy parterowe","robots":{"index":"index","follow":"follow","max-snippet":"max-snippet:-1","max-image-preview":"max-image-preview:large","max-video-preview":"max-video-preview:-1"},"canonical":"https:\/\/dompolska.pl\/?page_id=66","og_locale":"pl_PL","og_type":"article","og_title":"O NAS - Budujemy domy parterowe","og_description":"Budujemy spokojnie. Bez improwizacji i marketingowych obietnic. Dompolska to firma realizuj\u0105ca domy jednorodzinne w spos\u00f3b przewidywalny i uporz\u0105dkowany.Skupiamy si\u0119 na [&hellip;]","og_url":"https:\/\/dompolska.pl\/?page_id=66","og_site_name":"Budujemy domy parterowe","article_publisher":"https:\/\/www.facebook.com\/profile.php?id=61573777104565","article_modified_time":"2026-02-04T16:37:43+00:00","og_image":[{"url":"http:\/\/dompolska.pl\/wp-content\/uploads\/2024\/05\/63x63.jpg","type":"","width":"","height":""}],"twitter_card":"summary_large_image","twitter_misc":{"Szacowany czas czytania":"1 minuta"},"schema":{"@context":"https:\/\/schema.org","@graph":[{"@type":"WebPage","@id":"https:\/\/dompolska.pl\/?page_id=66","url":"https:\/\/dompolska.pl\/?page_id=66","name":"O NAS - Budujemy domy parterowe","isPartOf":{"@id":"https:\/\/dompolska.pl\/#website"},"datePublished":"2024-05-13T09:33:33+00:00","dateModified":"2026-02-04T16:37:43+00:00","breadcrumb":{"@id":"https:\/\/dompolska.pl\/?page_id=66#breadcrumb"},"inLanguage":"pl-PL","potentialAction":[{"@type":"ReadAction","target":["https:\/\/dompolska.pl\/?page_id=66"]}]},{"@type":"BreadcrumbList","@id":"https:\/\/dompolska.pl\/?page_id=66#breadcrumb","itemListElement":[{"@type":"ListItem","position":1,"name":"Strona g\u0142\u00f3wna","item":"https:\/\/dompolska.pl\/"},{"@type":"ListItem","position":2,"name":"O NAS"}]},{"@type":"WebSite","@id":"https:\/\/dompolska.pl\/#website","url":"https:\/\/dompolska.pl\/","name":"Budujemy 3 modele dom\u00f3w parterowych","description":"","publisher":{"@id":"https:\/\/dompolska.pl\/#organization"},"potentialAction":[{"@type":"SearchAction","target":{"@type":"EntryPoint","urlTemplate":"https:\/\/dompolska.pl\/?s={search_term_string}"},"query-input":{"@type":"PropertyValueSpecification","valueRequired":true,"valueName":"search_term_string"}}],"inLanguage":"pl-PL"},{"@type":"Organization","@id":"https:\/\/dompolska.pl\/#organization","name":"DomPolska","url":"https:\/\/dompolska.pl\/","logo":{"@type":"ImageObject","inLanguage":"pl-PL","@id":"https:\/\/dompolska.pl\/#\/schema\/logo\/image\/","url":"https:\/\/dompolska.pl\/wp-content\/uploads\/2026\/03\/cropped-logo-czarne-przezroczyste.png.png","contentUrl":"https:\/\/dompolska.pl\/wp-content\/uploads\/2026\/03\/cropped-logo-czarne-przezroczyste.png.png","width":500,"height":167,"caption":"DomPolska"},"image":{"@id":"https:\/\/dompolska.pl\/#\/schema\/logo\/image\/"},"sameAs":["https:\/\/www.facebook.com\/profile.php?id=61573777104565"]}]}},"_links":{"self":[{"href":"https:\/\/dompolska.pl\/index.php?rest_route=\/wp\/v2\/pages\/66","targetHints":{"allow":["GET"]}}],"collection":[{"href":"https:\/\/dompolska.pl\/index.php?rest_route=\/wp\/v2\/pages"}],"about":[{"href":"https:\/\/dompolska.pl\/index.php?rest_route=\/wp\/v2\/types\/page"}],"author":[{"embeddable":true,"href":"https:\/\/dompolska.pl\/index.php?rest_route=\/wp\/v2\/users\/6"}],"replies":[{"embeddable":true,"href":"https:\/\/dompolska.pl\/index.php?rest_route=%2Fwp%2Fv2%2Fcomments&post=66"}],"version-history":[{"count":53,"href":"https:\/\/dompolska.pl\/index.php?rest_route=\/wp\/v2\/pages\/66\/revisions"}],"predecessor-version":[{"id":19145,"href":"https:\/\/dompolska.pl\/index.php?rest_route=\/wp\/v2\/pages\/66\/revisions\/19145"}],"wp:attachment":[{"href":"https:\/\/dompolska.pl\/index.php?rest_route=%2Fwp%2Fv2%2Fmedia&parent=66"}],"curies":[{"name":"wp","href":"https:\/\/api.w.org\/{rel}","templated":true}]}}