{"id":18650,"date":"2026-01-27T10:31:59","date_gmt":"2026-01-27T09:31:59","guid":{"rendered":"https:\/\/dompolska.pl\/?page_id=18650"},"modified":"2026-03-19T20:40:39","modified_gmt":"2026-03-19T19:40:39","slug":"praktyczny-69","status":"publish","type":"page","link":"https:\/\/dompolska.pl\/?page_id=18650","title":{"rendered":"PRAKTYCZNY 69"},"content":{"rendered":"\t\t<div data-elementor-type=\"wp-page\" data-elementor-id=\"18650\" class=\"elementor elementor-18650\">\n\t\t\t\t<div class=\"elementor-element elementor-element-8f12217 e-flex e-con-boxed e-con e-parent\" data-id=\"8f12217\" data-element_type=\"container\" data-e-type=\"container\">\n\t\t\t\t\t<div class=\"e-con-inner\">\n\t\t\t\t<div class=\"elementor-element elementor-element-ac3d3f9 elementor-widget elementor-widget-heading\" data-id=\"ac3d3f9\" data-element_type=\"widget\" data-e-type=\"widget\" data-widget_type=\"heading.default\">\n\t\t\t\t<div class=\"elementor-widget-container\">\n\t\t\t\t\t<h2 class=\"elementor-heading-title elementor-size-default\">PRAKTYCZNY 69<\/h2>\t\t\t\t<\/div>\n\t\t\t\t<\/div>\n\t\t\t\t\t<\/div>\n\t\t\t\t<\/div>\n\t\t<div class=\"elementor-element elementor-element-ae29d7e e-flex e-con-boxed e-con e-parent\" data-id=\"ae29d7e\" data-element_type=\"container\" data-e-type=\"container\">\n\t\t\t\t\t<div class=\"e-con-inner\">\n\t\t<div class=\"elementor-element elementor-element-1accf87 e-con-full e-flex e-con e-child\" data-id=\"1accf87\" data-element_type=\"container\" data-e-type=\"container\">\n\t\t\t\t<div class=\"elementor-element elementor-element-3aca902 elementor-widget elementor-widget-image\" data-id=\"3aca902\" data-element_type=\"widget\" data-e-type=\"widget\" data-widget_type=\"image.default\">\n\t\t\t\t<div class=\"elementor-widget-container\">\n\t\t\t\t\t\t\t\t\t\t\t\t\t\t\t\t<a href=\"https:\/\/dompolska.pl\/wp-content\/uploads\/2026\/03\/MODUL-69-6-x-115.png\" data-elementor-open-lightbox=\"yes\" data-elementor-lightbox-title=\"69 - 6 x 11,5\" data-e-action-hash=\"#elementor-action%3Aaction%3Dlightbox%26settings%3DeyJpZCI6MzcyOTgsInVybCI6Imh0dHBzOlwvXC9kb21wb2xza2EucGxcL3dwLWNvbnRlbnRcL3VwbG9hZHNcLzIwMjZcLzAzXC9NT0RVTC02OS02LXgtMTE1LnBuZyJ9\">\n\t\t\t\t\t\t\t<img fetchpriority=\"high\" decoding=\"async\" width=\"1024\" height=\"576\" src=\"https:\/\/dompolska.pl\/wp-content\/uploads\/2026\/03\/MODUL-69-6-x-115-1024x576.png\" class=\"attachment-large size-large wp-image-37298\" alt=\"\" srcset=\"https:\/\/dompolska.pl\/wp-content\/uploads\/2026\/03\/MODUL-69-6-x-115-1024x576.png 1024w, https:\/\/dompolska.pl\/wp-content\/uploads\/2026\/03\/MODUL-69-6-x-115-300x169.png 300w, https:\/\/dompolska.pl\/wp-content\/uploads\/2026\/03\/MODUL-69-6-x-115-768x432.png 768w, https:\/\/dompolska.pl\/wp-content\/uploads\/2026\/03\/MODUL-69-6-x-115-1536x864.png 1536w, https:\/\/dompolska.pl\/wp-content\/uploads\/2026\/03\/MODUL-69-6-x-115.png 1920w\" sizes=\"(max-width: 1024px) 100vw, 1024px\" \/>\t\t\t\t\t\t\t\t<\/a>\n\t\t\t\t\t\t\t\t\t\t\t\t\t\t\t<\/div>\n\t\t\t\t<\/div>\n\t\t\t\t<\/div>\n\t\t<div class=\"elementor-element elementor-element-368ca05 e-con-full e-flex e-con e-child\" data-id=\"368ca05\" data-element_type=\"container\" data-e-type=\"container\">\n\t\t\t\t<div class=\"elementor-element elementor-element-f067a29 elementor-widget elementor-widget-shortcode\" data-id=\"f067a29\" data-element_type=\"widget\" data-e-type=\"widget\" data-widget_type=\"shortcode.default\">\n\t\t\t\t<div class=\"elementor-widget-container\">\n\t\t\t\t\t\t\t<div class=\"elementor-shortcode\"><div class=\"forminator-ui forminator-custom-form forminator-custom-form-18851 forminator-design--material forminator-enclosed forminator_ajax\" data-forminator-render=\"1\" data-form=\"forminator-module-18851\" data-uid=\"69e739d7085cb\"><br\/><\/div><form\n\t\t\t\tid=\"forminator-module-18851\"\n\t\t\t\tclass=\"forminator-ui forminator-custom-form forminator-custom-form-18851 forminator-design--material forminator-enclosed forminator_ajax\"\n\t\t\t\tmethod=\"post\"\n\t\t\t\tdata-forminator-render=\"1\"\n\t\t\t\tdata-form-id=\"18851\"\n\t\t\t\t data-color-option=\"theme\" data-design=\"material\" data-grid=\"enclosed\" style=\"display: none;\"\n\t\t\t\tdata-uid=\"69e739d7085cb\"\n\t\t\t><div role=\"alert\" aria-live=\"polite\" class=\"forminator-response-message forminator-error\" aria-hidden=\"true\"><\/div><div class=\"forminator-row\"><div id=\"name-1\" class=\"forminator-field-name forminator-col forminator-col-12 \"><div class=\"forminator-field\"><label for=\"forminator-field-name-1_69e739d7085cb\" id=\"forminator-field-name-1_69e739d7085cb-label\" class=\"forminator-label\">Imi\u0119 <span class=\"forminator-required\">*<\/span><\/label><input type=\"text\" name=\"name-1\" value=\"\" placeholder=\"\" id=\"forminator-field-name-1_69e739d7085cb\" class=\"forminator-input forminator-name--field\" aria-required=\"true\" autocomplete=\"name\" \/><\/div><\/div><\/div><div class=\"forminator-row\"><div id=\"email-1\" class=\"forminator-field-email forminator-col forminator-col-6 \"><div class=\"forminator-field\"><label for=\"forminator-field-email-1_69e739d7085cb\" id=\"forminator-field-email-1_69e739d7085cb-label\" class=\"forminator-label\">Adres e-mail <span class=\"forminator-required\">*<\/span><\/label><input type=\"email\" name=\"email-1\" value=\"\" placeholder=\"\" id=\"forminator-field-email-1_69e739d7085cb\" class=\"forminator-input forminator-email--field\" data-required=\"1\" aria-required=\"true\" autocomplete=\"email\" \/><\/div><\/div><div id=\"phone-1\" class=\"forminator-field-phone forminator-col forminator-col-6 \"><div class=\"forminator-field\"><label for=\"forminator-field-phone-1_69e739d7085cb\" id=\"forminator-field-phone-1_69e739d7085cb-label\" class=\"forminator-label\">Numer telefonu <span class=\"forminator-required\">*<\/span><\/label><input type=\"text\" name=\"phone-1\" value=\"\" placeholder=\"\" id=\"forminator-field-phone-1_69e739d7085cb\" class=\"forminator-input forminator-field--phone\" data-required=\"1\" aria-required=\"true\" autocomplete=\"off\" data-national_mode=\"enabled\" data-country=\"pl\" data-validation=\"standard\" \/><\/div><\/div><\/div><input type=\"hidden\" name=\"referer_url\" value=\"\" \/><div class=\"forminator-row forminator-row-last\"><div class=\"forminator-col\"><div class=\"forminator-field\"><button class=\"forminator-button forminator-button-submit\"><span>Wy\u015blij<\/span><span aria-hidden=\"true\"><\/span><\/button><\/div><\/div><\/div><input type=\"hidden\" id=\"forminator_nonce\" name=\"forminator_nonce\" value=\"d863d3226b\" \/><input type=\"hidden\" name=\"_wp_http_referer\" value=\"\/index.php?rest_route=%2Fwp%2Fv2%2Fpages%2F18650\" \/><input type=\"hidden\" name=\"form_id\" value=\"18851\"><input type=\"hidden\" name=\"page_id\" value=\"18650\"><input type=\"hidden\" name=\"form_type\" value=\"default\"><input type=\"hidden\" name=\"current_url\" value=\"https:\/\/dompolska.pl\/?page_id=18650\"><input type=\"hidden\" name=\"render_id\" value=\"1\"><input type=\"hidden\" name=\"action\" value=\"forminator_submit_form_custom-forms\"><\/form><\/div>\n\t\t\t\t\t\t<\/div>\n\t\t\t\t<\/div>\n\t\t\t\t<div class=\"elementor-element elementor-element-66d50a4 elementor-widget elementor-widget-image\" data-id=\"66d50a4\" data-element_type=\"widget\" data-e-type=\"widget\" data-widget_type=\"image.default\">\n\t\t\t\t<div class=\"elementor-widget-container\">\n\t\t\t\t\t\t\t\t\t\t\t\t\t\t\t<img decoding=\"async\" src=\"https:\/\/dompolska.pl\/wp-content\/uploads\/2026\/01\/69.png\" title=\"\" alt=\"\" loading=\"lazy\" \/>\t\t\t\t\t\t\t\t\t\t\t\t\t\t\t<\/div>\n\t\t\t\t<\/div>\n\t\t\t\t<\/div>\n\t\t\t\t\t<\/div>\n\t\t\t\t<\/div>\n\t\t<div class=\"elementor-element elementor-element-8ca9a2d e-flex e-con-boxed e-con e-parent\" data-id=\"8ca9a2d\" data-element_type=\"container\" data-e-type=\"container\">\n\t\t\t\t\t<div class=\"e-con-inner\">\n\t\t<div class=\"elementor-element elementor-element-670b1a0 e-con-full e-flex e-con e-child\" data-id=\"670b1a0\" data-element_type=\"container\" data-e-type=\"container\">\n\t\t\t\t<div class=\"elementor-element elementor-element-9ad5ee5 elementor-widget elementor-widget-image\" data-id=\"9ad5ee5\" data-element_type=\"widget\" data-e-type=\"widget\" data-widget_type=\"image.default\">\n\t\t\t\t<div class=\"elementor-widget-container\">\n\t\t\t\t\t\t\t\t\t\t\t\t\t\t\t\t<a href=\"https:\/\/dompolska.pl\/wp-content\/uploads\/2026\/03\/69.png\" data-elementor-open-lightbox=\"yes\" data-elementor-lightbox-title=\"69\" data-e-action-hash=\"#elementor-action%3Aaction%3Dlightbox%26settings%3DeyJpZCI6Mzc0NDIsInVybCI6Imh0dHBzOlwvXC9kb21wb2xza2EucGxcL3dwLWNvbnRlbnRcL3VwbG9hZHNcLzIwMjZcLzAzXC82OS5wbmcifQ%3D%3D\">\n\t\t\t\t\t\t\t<img decoding=\"async\" width=\"300\" height=\"200\" src=\"https:\/\/dompolska.pl\/wp-content\/uploads\/2026\/03\/69-300x200.png\" class=\"attachment-medium size-medium wp-image-37442\" alt=\"\" srcset=\"https:\/\/dompolska.pl\/wp-content\/uploads\/2026\/03\/69-300x200.png 300w, https:\/\/dompolska.pl\/wp-content\/uploads\/2026\/03\/69-1024x683.png 1024w, https:\/\/dompolska.pl\/wp-content\/uploads\/2026\/03\/69-768x512.png 768w, https:\/\/dompolska.pl\/wp-content\/uploads\/2026\/03\/69.png 1536w\" sizes=\"(max-width: 300px) 100vw, 300px\" \/>\t\t\t\t\t\t\t\t<\/a>\n\t\t\t\t\t\t\t\t\t\t\t\t\t\t\t<\/div>\n\t\t\t\t<\/div>\n\t\t\t\t<\/div>\n\t\t<div class=\"elementor-element elementor-element-8b1ccf2 e-con-full e-flex e-con e-child\" data-id=\"8b1ccf2\" data-element_type=\"container\" data-e-type=\"container\">\n\t\t\t\t<div class=\"elementor-element elementor-element-cf070a4 elementor-widget elementor-widget-text-editor\" data-id=\"cf070a4\" data-element_type=\"widget\" data-e-type=\"widget\" data-widget_type=\"text-editor.default\">\n\t\t\t\t<div class=\"elementor-widget-container\">\n\t\t\t\t\t\t\t\t\t<p><strong>Powierzchnia zabudowy:<\/strong> 69 m2<\/p>\n<p><strong>Pomieszczenia:<\/strong> 2 pokoje lub WERSJA II 3 pokoje,&nbsp; \u0142azienka, pomieszczenie gospodarcze, salon z kuchni\u0105, wiatro\u0142ap<\/p>\n<p><strong>Technologia:<\/strong> murowany \/ szkieletowy&nbsp;<\/p>\t\t\t\t\t\t\t\t<\/div>\n\t\t\t\t<\/div>\n\t\t\t\t<\/div>\n\t\t\t\t\t<\/div>\n\t\t\t\t<\/div>\n\t\t<div class=\"elementor-element elementor-element-76b664c6 e-flex e-con-boxed e-con e-parent\" data-id=\"76b664c6\" data-element_type=\"container\" data-e-type=\"container\">\n\t\t\t\t\t<div class=\"e-con-inner\">\n\t\t\t\t<div class=\"elementor-element elementor-element-2cd8b0e1 elementor-widget elementor-widget-heading\" data-id=\"2cd8b0e1\" data-element_type=\"widget\" data-e-type=\"widget\" data-widget_type=\"heading.default\">\n\t\t\t\t<div class=\"elementor-widget-container\">\n\t\t\t\t\t<h2 class=\"elementor-heading-title elementor-size-default\">WERSJA II<\/h2>\t\t\t\t<\/div>\n\t\t\t\t<\/div>\n\t\t\t\t\t<\/div>\n\t\t\t\t<\/div>\n\t\t<div class=\"elementor-element elementor-element-5d160f83 e-flex e-con-boxed e-con e-parent\" data-id=\"5d160f83\" data-element_type=\"container\" data-e-type=\"container\">\n\t\t\t\t\t<div class=\"e-con-inner\">\n\t\t<div class=\"elementor-element elementor-element-750d8bbd e-con-full e-flex e-con e-child\" data-id=\"750d8bbd\" data-element_type=\"container\" data-e-type=\"container\">\n\t\t\t\t<div class=\"elementor-element elementor-element-2b71519b elementor-widget elementor-widget-image\" data-id=\"2b71519b\" data-element_type=\"widget\" data-e-type=\"widget\" data-widget_type=\"image.default\">\n\t\t\t\t<div class=\"elementor-widget-container\">\n\t\t\t\t\t\t\t\t\t\t\t\t\t\t\t\t<a href=\"https:\/\/dompolska.pl\/wp-content\/uploads\/2026\/03\/69-II.png\" data-elementor-open-lightbox=\"yes\" data-elementor-lightbox-title=\"69 II\" data-e-action-hash=\"#elementor-action%3Aaction%3Dlightbox%26settings%3DeyJpZCI6MzcyOTcsInVybCI6Imh0dHBzOlwvXC9kb21wb2xza2EucGxcL3dwLWNvbnRlbnRcL3VwbG9hZHNcLzIwMjZcLzAzXC82OS1JSS5wbmcifQ%3D%3D\">\n\t\t\t\t\t\t\t<img decoding=\"async\" width=\"768\" height=\"432\" src=\"https:\/\/dompolska.pl\/wp-content\/uploads\/2026\/03\/69-II-768x432.png\" class=\"attachment-medium_large size-medium_large wp-image-37297\" alt=\"\" srcset=\"https:\/\/dompolska.pl\/wp-content\/uploads\/2026\/03\/69-II-768x432.png 768w, https:\/\/dompolska.pl\/wp-content\/uploads\/2026\/03\/69-II-300x169.png 300w, https:\/\/dompolska.pl\/wp-content\/uploads\/2026\/03\/69-II-1024x576.png 1024w, https:\/\/dompolska.pl\/wp-content\/uploads\/2026\/03\/69-II-1536x864.png 1536w, https:\/\/dompolska.pl\/wp-content\/uploads\/2026\/03\/69-II.png 1920w\" sizes=\"(max-width: 768px) 100vw, 768px\" \/>\t\t\t\t\t\t\t\t<\/a>\n\t\t\t\t\t\t\t\t\t\t\t\t\t\t\t<\/div>\n\t\t\t\t<\/div>\n\t\t\t\t<\/div>\n\t\t<div class=\"elementor-element elementor-element-61b24f14 e-con-full e-flex e-con e-child\" data-id=\"61b24f14\" data-element_type=\"container\" data-e-type=\"container\">\n\t\t\t\t<div class=\"elementor-element elementor-element-2b50279c elementor-widget elementor-widget-image\" data-id=\"2b50279c\" data-element_type=\"widget\" data-e-type=\"widget\" data-widget_type=\"image.default\">\n\t\t\t\t<div class=\"elementor-widget-container\">\n\t\t\t\t\t\t\t\t\t\t\t\t\t\t\t\t<a href=\"https:\/\/dompolska.pl\/wp-content\/uploads\/2026\/03\/69-wariant-II.png\" data-elementor-open-lightbox=\"yes\" data-elementor-lightbox-title=\"69 wariant II\" data-e-action-hash=\"#elementor-action%3Aaction%3Dlightbox%26settings%3DeyJpZCI6Mzc0MDMsInVybCI6Imh0dHBzOlwvXC9kb21wb2xza2EucGxcL3dwLWNvbnRlbnRcL3VwbG9hZHNcLzIwMjZcLzAzXC82OS13YXJpYW50LUlJLnBuZyJ9\">\n\t\t\t\t\t\t\t<img loading=\"lazy\" decoding=\"async\" width=\"300\" height=\"200\" src=\"https:\/\/dompolska.pl\/wp-content\/uploads\/2026\/03\/69-wariant-II-300x200.png\" class=\"attachment-medium size-medium wp-image-37403\" alt=\"\" srcset=\"https:\/\/dompolska.pl\/wp-content\/uploads\/2026\/03\/69-wariant-II-300x200.png 300w, https:\/\/dompolska.pl\/wp-content\/uploads\/2026\/03\/69-wariant-II-1024x683.png 1024w, https:\/\/dompolska.pl\/wp-content\/uploads\/2026\/03\/69-wariant-II-768x512.png 768w, https:\/\/dompolska.pl\/wp-content\/uploads\/2026\/03\/69-wariant-II.png 1536w\" sizes=\"(max-width: 300px) 100vw, 300px\" \/>\t\t\t\t\t\t\t\t<\/a>\n\t\t\t\t\t\t\t\t\t\t\t\t\t\t\t<\/div>\n\t\t\t\t<\/div>\n\t\t\t\t<\/div>\n\t\t\t\t\t<\/div>\n\t\t\t\t<\/div>\n\t\t\t\t<\/div>\n\t\t","protected":false},"excerpt":{"rendered":"<p>PRAKTYCZNY 69 Powierzchnia zabudowy: 69 m2 Pomieszczenia: 2 pokoje lub WERSJA II 3 pokoje,&nbsp; \u0142azienka, pomieszczenie gospodarcze, salon z kuchni\u0105, [&hellip;]<\/p>\n","protected":false},"author":6,"featured_media":0,"parent":0,"menu_order":0,"comment_status":"closed","ping_status":"closed","template":"","meta":{"site-sidebar-layout":"no-sidebar","site-content-layout":"","ast-site-content-layout":"full-width-container","site-content-style":"default","site-sidebar-style":"default","ast-global-header-display":"","ast-banner-title-visibility":"","ast-main-header-display":"","ast-hfb-above-header-display":"","ast-hfb-below-header-display":"","ast-hfb-mobile-header-display":"","site-post-title":"disabled","ast-breadcrumbs-content":"","ast-featured-img":"disabled","footer-sml-layout":"","ast-disable-related-posts":"","theme-transparent-header-meta":"","adv-header-id-meta":"","stick-header-meta":"","header-above-stick-meta":"","header-main-stick-meta":"","header-below-stick-meta":"","astra-migrate-meta-layouts":"default","ast-page-background-enabled":"default","ast-page-background-meta":{"desktop":{"background-color":"var(--ast-global-color-4)","background-image":"","background-repeat":"repeat","background-position":"center center","background-size":"auto","background-attachment":"scroll","background-type":"","background-media":"","overlay-type":"","overlay-color":"","overlay-opacity":"","overlay-gradient":""},"tablet":{"background-color":"","background-image":"","background-repeat":"repeat","background-position":"center center","background-size":"auto","background-attachment":"scroll","background-type":"","background-media":"","overlay-type":"","overlay-color":"","overlay-opacity":"","overlay-gradient":""},"mobile":{"background-color":"","background-image":"","background-repeat":"repeat","background-position":"center center","background-size":"auto","background-attachment":"scroll","background-type":"","background-media":"","overlay-type":"","overlay-color":"","overlay-opacity":"","overlay-gradient":""}},"ast-content-background-meta":{"desktop":{"background-color":"var(--ast-global-color-5)","background-image":"","background-repeat":"repeat","background-position":"center center","background-size":"auto","background-attachment":"scroll","background-type":"","background-media":"","overlay-type":"","overlay-color":"","overlay-opacity":"","overlay-gradient":""},"tablet":{"background-color":"var(--ast-global-color-5)","background-image":"","background-repeat":"repeat","background-position":"center center","background-size":"auto","background-attachment":"scroll","background-type":"","background-media":"","overlay-type":"","overlay-color":"","overlay-opacity":"","overlay-gradient":""},"mobile":{"background-color":"var(--ast-global-color-5)","background-image":"","background-repeat":"repeat","background-position":"center center","background-size":"auto","background-attachment":"scroll","background-type":"","background-media":"","overlay-type":"","overlay-color":"","overlay-opacity":"","overlay-gradient":""}},"footnotes":""},"class_list":["post-18650","page","type-page","status-publish","hentry"],"yoast_head":"<!-- This site is optimized with the Yoast SEO plugin v27.4 - https:\/\/yoast.com\/product\/yoast-seo-wordpress\/ -->\n<title>PRAKTYCZNY 69 - Budujemy domy parterowe<\/title>\n<meta name=\"robots\" content=\"index, follow, max-snippet:-1, max-image-preview:large, max-video-preview:-1\" \/>\n<link rel=\"canonical\" href=\"https:\/\/dompolska.pl\/?page_id=18650\" \/>\n<meta property=\"og:locale\" content=\"pl_PL\" \/>\n<meta property=\"og:type\" content=\"article\" \/>\n<meta property=\"og:title\" content=\"PRAKTYCZNY 69 - Budujemy domy parterowe\" \/>\n<meta property=\"og:description\" content=\"PRAKTYCZNY 69 Powierzchnia zabudowy: 69 m2 Pomieszczenia: 2 pokoje lub WERSJA II 3 pokoje,&nbsp; \u0142azienka, pomieszczenie gospodarcze, salon z kuchni\u0105, [&hellip;]\" \/>\n<meta property=\"og:url\" content=\"https:\/\/dompolska.pl\/?page_id=18650\" \/>\n<meta property=\"og:site_name\" content=\"Budujemy domy parterowe\" \/>\n<meta property=\"article:publisher\" content=\"https:\/\/www.facebook.com\/profile.php?id=61573777104565\" \/>\n<meta property=\"article:modified_time\" content=\"2026-03-19T19:40:39+00:00\" \/>\n<meta property=\"og:image\" content=\"https:\/\/dompolska.pl\/wp-content\/uploads\/2026\/03\/MODUL-69-6-x-115.png\" \/>\n\t<meta property=\"og:image:width\" content=\"1920\" \/>\n\t<meta property=\"og:image:height\" content=\"1080\" \/>\n\t<meta property=\"og:image:type\" content=\"image\/png\" \/>\n<meta name=\"twitter:card\" content=\"summary_large_image\" \/>\n<meta name=\"twitter:label1\" content=\"Szacowany czas czytania\" \/>\n\t<meta name=\"twitter:data1\" content=\"2 minuty\" \/>\n<script type=\"application\/ld+json\" class=\"yoast-schema-graph\">{\"@context\":\"https:\\\/\\\/schema.org\",\"@graph\":[{\"@type\":\"WebPage\",\"@id\":\"https:\\\/\\\/dompolska.pl\\\/?page_id=18650\",\"url\":\"https:\\\/\\\/dompolska.pl\\\/?page_id=18650\",\"name\":\"PRAKTYCZNY 69 - Budujemy domy parterowe\",\"isPartOf\":{\"@id\":\"https:\\\/\\\/dompolska.pl\\\/#website\"},\"primaryImageOfPage\":{\"@id\":\"https:\\\/\\\/dompolska.pl\\\/?page_id=18650#primaryimage\"},\"image\":{\"@id\":\"https:\\\/\\\/dompolska.pl\\\/?page_id=18650#primaryimage\"},\"thumbnailUrl\":\"https:\\\/\\\/dompolska.pl\\\/wp-content\\\/uploads\\\/2026\\\/03\\\/MODUL-69-6-x-115-1024x576.png\",\"datePublished\":\"2026-01-27T09:31:59+00:00\",\"dateModified\":\"2026-03-19T19:40:39+00:00\",\"breadcrumb\":{\"@id\":\"https:\\\/\\\/dompolska.pl\\\/?page_id=18650#breadcrumb\"},\"inLanguage\":\"pl-PL\",\"potentialAction\":[{\"@type\":\"ReadAction\",\"target\":[\"https:\\\/\\\/dompolska.pl\\\/?page_id=18650\"]}]},{\"@type\":\"ImageObject\",\"inLanguage\":\"pl-PL\",\"@id\":\"https:\\\/\\\/dompolska.pl\\\/?page_id=18650#primaryimage\",\"url\":\"https:\\\/\\\/dompolska.pl\\\/wp-content\\\/uploads\\\/2026\\\/03\\\/MODUL-69-6-x-115.png\",\"contentUrl\":\"https:\\\/\\\/dompolska.pl\\\/wp-content\\\/uploads\\\/2026\\\/03\\\/MODUL-69-6-x-115.png\",\"width\":1920,\"height\":1080},{\"@type\":\"BreadcrumbList\",\"@id\":\"https:\\\/\\\/dompolska.pl\\\/?page_id=18650#breadcrumb\",\"itemListElement\":[{\"@type\":\"ListItem\",\"position\":1,\"name\":\"Strona g\u0142\u00f3wna\",\"item\":\"https:\\\/\\\/dompolska.pl\\\/\"},{\"@type\":\"ListItem\",\"position\":2,\"name\":\"PRAKTYCZNY 69\"}]},{\"@type\":\"WebSite\",\"@id\":\"https:\\\/\\\/dompolska.pl\\\/#website\",\"url\":\"https:\\\/\\\/dompolska.pl\\\/\",\"name\":\"Budujemy 3 modele dom\u00f3w parterowych\",\"description\":\"\",\"publisher\":{\"@id\":\"https:\\\/\\\/dompolska.pl\\\/#organization\"},\"potentialAction\":[{\"@type\":\"SearchAction\",\"target\":{\"@type\":\"EntryPoint\",\"urlTemplate\":\"https:\\\/\\\/dompolska.pl\\\/?s={search_term_string}\"},\"query-input\":{\"@type\":\"PropertyValueSpecification\",\"valueRequired\":true,\"valueName\":\"search_term_string\"}}],\"inLanguage\":\"pl-PL\"},{\"@type\":\"Organization\",\"@id\":\"https:\\\/\\\/dompolska.pl\\\/#organization\",\"name\":\"DomPolska\",\"url\":\"https:\\\/\\\/dompolska.pl\\\/\",\"logo\":{\"@type\":\"ImageObject\",\"inLanguage\":\"pl-PL\",\"@id\":\"https:\\\/\\\/dompolska.pl\\\/#\\\/schema\\\/logo\\\/image\\\/\",\"url\":\"https:\\\/\\\/dompolska.pl\\\/wp-content\\\/uploads\\\/2026\\\/03\\\/cropped-logo-czarne-przezroczyste.png.png\",\"contentUrl\":\"https:\\\/\\\/dompolska.pl\\\/wp-content\\\/uploads\\\/2026\\\/03\\\/cropped-logo-czarne-przezroczyste.png.png\",\"width\":500,\"height\":167,\"caption\":\"DomPolska\"},\"image\":{\"@id\":\"https:\\\/\\\/dompolska.pl\\\/#\\\/schema\\\/logo\\\/image\\\/\"},\"sameAs\":[\"https:\\\/\\\/www.facebook.com\\\/profile.php?id=61573777104565\"]}]}<\/script>\n<!-- \/ Yoast SEO plugin. -->","yoast_head_json":{"title":"PRAKTYCZNY 69 - Budujemy domy parterowe","robots":{"index":"index","follow":"follow","max-snippet":"max-snippet:-1","max-image-preview":"max-image-preview:large","max-video-preview":"max-video-preview:-1"},"canonical":"https:\/\/dompolska.pl\/?page_id=18650","og_locale":"pl_PL","og_type":"article","og_title":"PRAKTYCZNY 69 - Budujemy domy parterowe","og_description":"PRAKTYCZNY 69 Powierzchnia zabudowy: 69 m2 Pomieszczenia: 2 pokoje lub WERSJA II 3 pokoje,&nbsp; \u0142azienka, pomieszczenie gospodarcze, salon z kuchni\u0105, [&hellip;]","og_url":"https:\/\/dompolska.pl\/?page_id=18650","og_site_name":"Budujemy domy parterowe","article_publisher":"https:\/\/www.facebook.com\/profile.php?id=61573777104565","article_modified_time":"2026-03-19T19:40:39+00:00","og_image":[{"width":1920,"height":1080,"url":"https:\/\/dompolska.pl\/wp-content\/uploads\/2026\/03\/MODUL-69-6-x-115.png","type":"image\/png"}],"twitter_card":"summary_large_image","twitter_misc":{"Szacowany czas czytania":"2 minuty"},"schema":{"@context":"https:\/\/schema.org","@graph":[{"@type":"WebPage","@id":"https:\/\/dompolska.pl\/?page_id=18650","url":"https:\/\/dompolska.pl\/?page_id=18650","name":"PRAKTYCZNY 69 - Budujemy domy parterowe","isPartOf":{"@id":"https:\/\/dompolska.pl\/#website"},"primaryImageOfPage":{"@id":"https:\/\/dompolska.pl\/?page_id=18650#primaryimage"},"image":{"@id":"https:\/\/dompolska.pl\/?page_id=18650#primaryimage"},"thumbnailUrl":"https:\/\/dompolska.pl\/wp-content\/uploads\/2026\/03\/MODUL-69-6-x-115-1024x576.png","datePublished":"2026-01-27T09:31:59+00:00","dateModified":"2026-03-19T19:40:39+00:00","breadcrumb":{"@id":"https:\/\/dompolska.pl\/?page_id=18650#breadcrumb"},"inLanguage":"pl-PL","potentialAction":[{"@type":"ReadAction","target":["https:\/\/dompolska.pl\/?page_id=18650"]}]},{"@type":"ImageObject","inLanguage":"pl-PL","@id":"https:\/\/dompolska.pl\/?page_id=18650#primaryimage","url":"https:\/\/dompolska.pl\/wp-content\/uploads\/2026\/03\/MODUL-69-6-x-115.png","contentUrl":"https:\/\/dompolska.pl\/wp-content\/uploads\/2026\/03\/MODUL-69-6-x-115.png","width":1920,"height":1080},{"@type":"BreadcrumbList","@id":"https:\/\/dompolska.pl\/?page_id=18650#breadcrumb","itemListElement":[{"@type":"ListItem","position":1,"name":"Strona g\u0142\u00f3wna","item":"https:\/\/dompolska.pl\/"},{"@type":"ListItem","position":2,"name":"PRAKTYCZNY 69"}]},{"@type":"WebSite","@id":"https:\/\/dompolska.pl\/#website","url":"https:\/\/dompolska.pl\/","name":"Budujemy 3 modele dom\u00f3w parterowych","description":"","publisher":{"@id":"https:\/\/dompolska.pl\/#organization"},"potentialAction":[{"@type":"SearchAction","target":{"@type":"EntryPoint","urlTemplate":"https:\/\/dompolska.pl\/?s={search_term_string}"},"query-input":{"@type":"PropertyValueSpecification","valueRequired":true,"valueName":"search_term_string"}}],"inLanguage":"pl-PL"},{"@type":"Organization","@id":"https:\/\/dompolska.pl\/#organization","name":"DomPolska","url":"https:\/\/dompolska.pl\/","logo":{"@type":"ImageObject","inLanguage":"pl-PL","@id":"https:\/\/dompolska.pl\/#\/schema\/logo\/image\/","url":"https:\/\/dompolska.pl\/wp-content\/uploads\/2026\/03\/cropped-logo-czarne-przezroczyste.png.png","contentUrl":"https:\/\/dompolska.pl\/wp-content\/uploads\/2026\/03\/cropped-logo-czarne-przezroczyste.png.png","width":500,"height":167,"caption":"DomPolska"},"image":{"@id":"https:\/\/dompolska.pl\/#\/schema\/logo\/image\/"},"sameAs":["https:\/\/www.facebook.com\/profile.php?id=61573777104565"]}]}},"_links":{"self":[{"href":"https:\/\/dompolska.pl\/index.php?rest_route=\/wp\/v2\/pages\/18650","targetHints":{"allow":["GET"]}}],"collection":[{"href":"https:\/\/dompolska.pl\/index.php?rest_route=\/wp\/v2\/pages"}],"about":[{"href":"https:\/\/dompolska.pl\/index.php?rest_route=\/wp\/v2\/types\/page"}],"author":[{"embeddable":true,"href":"https:\/\/dompolska.pl\/index.php?rest_route=\/wp\/v2\/users\/6"}],"replies":[{"embeddable":true,"href":"https:\/\/dompolska.pl\/index.php?rest_route=%2Fwp%2Fv2%2Fcomments&post=18650"}],"version-history":[{"count":66,"href":"https:\/\/dompolska.pl\/index.php?rest_route=\/wp\/v2\/pages\/18650\/revisions"}],"predecessor-version":[{"id":37445,"href":"https:\/\/dompolska.pl\/index.php?rest_route=\/wp\/v2\/pages\/18650\/revisions\/37445"}],"wp:attachment":[{"href":"https:\/\/dompolska.pl\/index.php?rest_route=%2Fwp%2Fv2%2Fmedia&parent=18650"}],"curies":[{"name":"wp","href":"https:\/\/api.w.org\/{rel}","templated":true}]}}