{"id":18265,"date":"2026-01-20T17:32:41","date_gmt":"2026-01-20T16:32:41","guid":{"rendered":"https:\/\/dompolska.pl\/?page_id=18265"},"modified":"2026-02-03T11:39:47","modified_gmt":"2026-02-03T10:39:47","slug":"dach","status":"publish","type":"page","link":"https:\/\/dompolska.pl\/?page_id=18265","title":{"rendered":"DACH"},"content":{"rendered":"\t\t<div data-elementor-type=\"wp-page\" data-elementor-id=\"18265\" class=\"elementor elementor-18265\">\n\t\t\t\t<div class=\"elementor-element elementor-element-b2faeaf e-flex e-con-boxed e-con e-parent\" data-id=\"b2faeaf\" data-element_type=\"container\" data-e-type=\"container\">\n\t\t\t\t\t<div class=\"e-con-inner\">\n\t\t<div class=\"elementor-element elementor-element-f11d5f1 e-con-full e-flex e-con e-child\" data-id=\"f11d5f1\" data-element_type=\"container\" data-e-type=\"container\">\n\t\t\t\t<div class=\"elementor-element elementor-element-b90cdfa elementor-widget elementor-widget-heading\" data-id=\"b90cdfa\" data-element_type=\"widget\" data-e-type=\"widget\" data-widget_type=\"heading.default\">\n\t\t\t\t<div class=\"elementor-widget-container\">\n\t\t\t\t\t<h2 class=\"elementor-heading-title elementor-size-default\">Wi\u0105zary dachowe \u2013 pewno\u015b\u0107 i precyzja<\/h2>\t\t\t\t<\/div>\n\t\t\t\t<\/div>\n\t\t\t\t<div class=\"elementor-element elementor-element-13daa38 elementor-widget elementor-widget-text-editor\" data-id=\"13daa38\" data-element_type=\"widget\" data-e-type=\"widget\" data-widget_type=\"text-editor.default\">\n\t\t\t\t<div class=\"elementor-widget-container\">\n\t\t\t\t\t\t\t\t\t<p data-start=\"171\" data-end=\"609\">Wi\u0105zary dachowe to precyzyjne, bezpieczne i trwa\u0142e rozwi\u0105zanie, kt\u00f3re coraz cz\u0119\u015bciej zast\u0119puje tradycyjn\u0105 wi\u0119\u017ab\u0119 dachow\u0105. Wykonuje si\u0119 je z\u00a0<strong data-start=\"311\" data-end=\"356\">drewna skandynawskiego suszonego komorowo<\/strong>, kt\u00f3re charakteryzuje si\u0119 wysok\u0105 stabilno\u015bci\u0105, nisk\u0105 wilgotno\u015bci\u0105 i odporno\u015bci\u0105 na odkszta\u0142cenia. Co wa\u017cne \u2013 takie drewno\u00a0<strong data-start=\"479\" data-end=\"527\">nie wymaga dodatkowej impregnacji chemicznej<\/strong>, poniewa\u017c ju\u017c samo suszenie zabezpiecza je przed ple\u015bni\u0105, grzybami i szkodnikami.<\/p><p data-start=\"611\" data-end=\"1076\" data-is-last-node=\"\" data-is-only-node=\"\">W przeciwie\u0144stwie do cz\u0119sto stosowanego w Polsce\u00a0<strong data-start=\"660\" data-end=\"690\">mokrego drewna budowlanego<\/strong>, kt\u00f3re mo\u017ce p\u0119ka\u0107, paczy\u0107 si\u0119 i sprzyja rozwojowi wilgoci oraz ple\u015bni, wi\u0105zary zapewniaj\u0105\u00a0<strong data-start=\"781\" data-end=\"841\">dok\u0142adno\u015b\u0107, przewidywalno\u015b\u0107 i bezpiecze\u0144stwo konstrukcji<\/strong>. To gotowe elementy projektowane komputerowo i dostarczane na plac budowy z dok\u0142adno\u015bci\u0105 do milimetra \u2013 co znacz\u0105co skraca czas budowy i eliminuje b\u0142\u0119dy monta\u017cowe.<br data-start=\"1005\" data-end=\"1008\" \/>Wybieraj\u0105c wi\u0105zary, wybierasz\u00a0<strong data-start=\"1038\" data-end=\"1075\" data-is-only-node=\"\">jako\u015b\u0107, trwa\u0142o\u015b\u0107 i spok\u00f3j na lata<\/strong>.<\/p>\t\t\t\t\t\t\t\t<\/div>\n\t\t\t\t<\/div>\n\t\t\t\t<\/div>\n\t\t<div class=\"elementor-element elementor-element-8b687d9 e-con-full e-flex e-con e-child\" data-id=\"8b687d9\" data-element_type=\"container\" data-e-type=\"container\">\n\t\t\t\t<div class=\"elementor-element elementor-element-b8ded83 elementor-widget elementor-widget-image\" data-id=\"b8ded83\" data-element_type=\"widget\" data-e-type=\"widget\" data-widget_type=\"image.default\">\n\t\t\t\t<div class=\"elementor-widget-container\">\n\t\t\t\t\t\t\t\t\t\t\t\t\t\t\t<img decoding=\"async\" src=\"https:\/\/dompolska.pl\/wp-content\/uploads\/2026\/01\/daniel-wiazry-4.jpg\" title=\"\" alt=\"\" loading=\"lazy\" \/>\t\t\t\t\t\t\t\t\t\t\t\t\t\t\t<\/div>\n\t\t\t\t<\/div>\n\t\t\t\t<\/div>\n\t\t\t\t\t<\/div>\n\t\t\t\t<\/div>\n\t\t<div class=\"elementor-element elementor-element-9223cd1 e-flex e-con-boxed e-con e-parent\" data-id=\"9223cd1\" data-element_type=\"container\" data-e-type=\"container\">\n\t\t\t\t\t<div class=\"e-con-inner\">\n\t\t<div class=\"elementor-element elementor-element-f26ebd6 e-con-full e-flex e-con e-child\" data-id=\"f26ebd6\" data-element_type=\"container\" data-e-type=\"container\">\n\t\t\t\t<div class=\"elementor-element elementor-element-97dd46e elementor-widget elementor-widget-image\" data-id=\"97dd46e\" data-element_type=\"widget\" data-e-type=\"widget\" data-widget_type=\"image.default\">\n\t\t\t\t<div class=\"elementor-widget-container\">\n\t\t\t\t\t\t\t\t\t\t\t\t\t\t\t<img decoding=\"async\" src=\"https:\/\/dompolska.pl\/wp-content\/uploads\/2026\/01\/daniel-wiazry-3.jpg\" title=\"\" alt=\"\" loading=\"lazy\" \/>\t\t\t\t\t\t\t\t\t\t\t\t\t\t\t<\/div>\n\t\t\t\t<\/div>\n\t\t\t\t<div class=\"elementor-element elementor-element-8843ba9 elementor-align-center elementor-widget elementor-widget-button\" data-id=\"8843ba9\" data-element_type=\"widget\" data-e-type=\"widget\" data-widget_type=\"button.default\">\n\t\t\t\t<div class=\"elementor-widget-container\">\n\t\t\t\t\t\t\t\t\t<div class=\"elementor-button-wrapper\">\n\t\t\t\t\t<a class=\"elementor-button elementor-button-link elementor-size-sm\" href=\"#\">\n\t\t\t\t\t\t<span class=\"elementor-button-content-wrapper\">\n\t\t\t\t\t\t<span class=\"elementor-button-icon\">\n\t\t\t\t<svg aria-hidden=\"true\" class=\"e-font-icon-svg e-fas-angle-right\" viewBox=\"0 0 256 512\" xmlns=\"http:\/\/www.w3.org\/2000\/svg\"><path d=\"M224.3 273l-136 136c-9.4 9.4-24.6 9.4-33.9 0l-22.6-22.6c-9.4-9.4-9.4-24.6 0-33.9l96.4-96.4-96.4-96.4c-9.4-9.4-9.4-24.6 0-33.9L54.3 103c9.4-9.4 24.6-9.4 33.9 0l136 136c9.5 9.4 9.5 24.6.1 34z\"><\/path><\/svg>\t\t\t<\/span>\n\t\t\t\t\t\t\t\t\t<span class=\"elementor-button-text\">technologia murowana <\/span>\n\t\t\t\t\t<\/span>\n\t\t\t\t\t<\/a>\n\t\t\t\t<\/div>\n\t\t\t\t\t\t\t\t<\/div>\n\t\t\t\t<\/div>\n\t\t\t\t<\/div>\n\t\t<div class=\"elementor-element elementor-element-aed47b9 e-con-full e-flex e-con e-child\" data-id=\"aed47b9\" data-element_type=\"container\" data-e-type=\"container\">\n\t\t\t\t<div class=\"elementor-element elementor-element-f600179 elementor-widget elementor-widget-image\" data-id=\"f600179\" data-element_type=\"widget\" data-e-type=\"widget\" data-widget_type=\"image.default\">\n\t\t\t\t<div class=\"elementor-widget-container\">\n\t\t\t\t\t\t\t\t\t\t\t\t\t\t\t<img decoding=\"async\" src=\"https:\/\/dompolska.pl\/wp-content\/uploads\/2026\/01\/krepa-sciana-drewno.jpg\" title=\"\" alt=\"\" loading=\"lazy\" \/>\t\t\t\t\t\t\t\t\t\t\t\t\t\t\t<\/div>\n\t\t\t\t<\/div>\n\t\t\t\t<div class=\"elementor-element elementor-element-0bccebf elementor-align-center elementor-widget elementor-widget-button\" data-id=\"0bccebf\" data-element_type=\"widget\" data-e-type=\"widget\" data-widget_type=\"button.default\">\n\t\t\t\t<div class=\"elementor-widget-container\">\n\t\t\t\t\t\t\t\t\t<div class=\"elementor-button-wrapper\">\n\t\t\t\t\t<a class=\"elementor-button elementor-button-link elementor-size-sm\" href=\"#\">\n\t\t\t\t\t\t<span class=\"elementor-button-content-wrapper\">\n\t\t\t\t\t\t<span class=\"elementor-button-icon\">\n\t\t\t\t<svg aria-hidden=\"true\" class=\"e-font-icon-svg e-fas-angle-right\" viewBox=\"0 0 256 512\" xmlns=\"http:\/\/www.w3.org\/2000\/svg\"><path d=\"M224.3 273l-136 136c-9.4 9.4-24.6 9.4-33.9 0l-22.6-22.6c-9.4-9.4-9.4-24.6 0-33.9l96.4-96.4-96.4-96.4c-9.4-9.4-9.4-24.6 0-33.9L54.3 103c9.4-9.4 24.6-9.4 33.9 0l136 136c9.5 9.4 9.5 24.6.1 34z\"><\/path><\/svg>\t\t\t<\/span>\n\t\t\t\t\t\t\t\t\t<span class=\"elementor-button-text\">technologia drewniana<\/span>\n\t\t\t\t\t<\/span>\n\t\t\t\t\t<\/a>\n\t\t\t\t<\/div>\n\t\t\t\t\t\t\t\t<\/div>\n\t\t\t\t<\/div>\n\t\t\t\t<\/div>\n\t\t\t\t\t<\/div>\n\t\t\t\t<\/div>\n\t\t\t\t<\/div>\n\t\t","protected":false},"excerpt":{"rendered":"<p>Wi\u0105zary dachowe \u2013 pewno\u015b\u0107 i precyzja Wi\u0105zary dachowe to precyzyjne, bezpieczne i trwa\u0142e rozwi\u0105zanie, kt\u00f3re coraz cz\u0119\u015bciej zast\u0119puje tradycyjn\u0105 wi\u0119\u017ab\u0119 [&hellip;]<\/p>\n","protected":false},"author":6,"featured_media":0,"parent":0,"menu_order":0,"comment_status":"closed","ping_status":"closed","template":"","meta":{"site-sidebar-layout":"no-sidebar","site-content-layout":"","ast-site-content-layout":"full-width-container","site-content-style":"default","site-sidebar-style":"default","ast-global-header-display":"","ast-banner-title-visibility":"","ast-main-header-display":"","ast-hfb-above-header-display":"","ast-hfb-below-header-display":"","ast-hfb-mobile-header-display":"","site-post-title":"disabled","ast-breadcrumbs-content":"","ast-featured-img":"disabled","footer-sml-layout":"","ast-disable-related-posts":"","theme-transparent-header-meta":"","adv-header-id-meta":"","stick-header-meta":"","header-above-stick-meta":"","header-main-stick-meta":"","header-below-stick-meta":"","astra-migrate-meta-layouts":"default","ast-page-background-enabled":"default","ast-page-background-meta":{"desktop":{"background-color":"var(--ast-global-color-4)","background-image":"","background-repeat":"repeat","background-position":"center center","background-size":"auto","background-attachment":"scroll","background-type":"","background-media":"","overlay-type":"","overlay-color":"","overlay-gradient":""},"tablet":{"background-color":"","background-image":"","background-repeat":"repeat","background-position":"center center","background-size":"auto","background-attachment":"scroll","background-type":"","background-media":"","overlay-type":"","overlay-color":"","overlay-gradient":""},"mobile":{"background-color":"","background-image":"","background-repeat":"repeat","background-position":"center center","background-size":"auto","background-attachment":"scroll","background-type":"","background-media":"","overlay-type":"","overlay-color":"","overlay-gradient":""}},"ast-content-background-meta":{"desktop":{"background-color":"var(--ast-global-color-5)","background-image":"","background-repeat":"repeat","background-position":"center center","background-size":"auto","background-attachment":"scroll","background-type":"","background-media":"","overlay-type":"","overlay-color":"","overlay-gradient":""},"tablet":{"background-color":"var(--ast-global-color-5)","background-image":"","background-repeat":"repeat","background-position":"center center","background-size":"auto","background-attachment":"scroll","background-type":"","background-media":"","overlay-type":"","overlay-color":"","overlay-gradient":""},"mobile":{"background-color":"var(--ast-global-color-5)","background-image":"","background-repeat":"repeat","background-position":"center center","background-size":"auto","background-attachment":"scroll","background-type":"","background-media":"","overlay-type":"","overlay-color":"","overlay-gradient":""}},"footnotes":""},"class_list":["post-18265","page","type-page","status-publish","hentry"],"yoast_head":"<!-- This site is optimized with the Yoast SEO plugin v27.4 - https:\/\/yoast.com\/product\/yoast-seo-wordpress\/ -->\n<title>DACH - Budujemy domy parterowe<\/title>\n<meta name=\"robots\" content=\"index, follow, max-snippet:-1, max-image-preview:large, max-video-preview:-1\" \/>\n<link rel=\"canonical\" href=\"https:\/\/dompolska.pl\/?page_id=18265\" \/>\n<meta property=\"og:locale\" content=\"pl_PL\" \/>\n<meta property=\"og:type\" content=\"article\" \/>\n<meta property=\"og:title\" content=\"DACH - Budujemy domy parterowe\" \/>\n<meta property=\"og:description\" content=\"Wi\u0105zary dachowe \u2013 pewno\u015b\u0107 i precyzja Wi\u0105zary dachowe to precyzyjne, bezpieczne i trwa\u0142e rozwi\u0105zanie, kt\u00f3re coraz cz\u0119\u015bciej zast\u0119puje tradycyjn\u0105 wi\u0119\u017ab\u0119 [&hellip;]\" \/>\n<meta property=\"og:url\" content=\"https:\/\/dompolska.pl\/?page_id=18265\" \/>\n<meta property=\"og:site_name\" content=\"Budujemy domy parterowe\" \/>\n<meta property=\"article:publisher\" content=\"https:\/\/www.facebook.com\/profile.php?id=61573777104565\" \/>\n<meta property=\"article:modified_time\" content=\"2026-02-03T10:39:47+00:00\" \/>\n<meta property=\"og:image\" content=\"https:\/\/dompolska.pl\/wp-content\/uploads\/2026\/01\/daniel-wiazry-4-576x1024.jpg\" \/>\n<meta name=\"twitter:card\" content=\"summary_large_image\" \/>\n<meta name=\"twitter:label1\" content=\"Szacowany czas czytania\" \/>\n\t<meta name=\"twitter:data1\" content=\"1 minuta\" \/>\n<script type=\"application\/ld+json\" class=\"yoast-schema-graph\">{\"@context\":\"https:\\\/\\\/schema.org\",\"@graph\":[{\"@type\":\"WebPage\",\"@id\":\"https:\\\/\\\/dompolska.pl\\\/?page_id=18265\",\"url\":\"https:\\\/\\\/dompolska.pl\\\/?page_id=18265\",\"name\":\"DACH - Budujemy domy parterowe\",\"isPartOf\":{\"@id\":\"https:\\\/\\\/dompolska.pl\\\/#website\"},\"primaryImageOfPage\":{\"@id\":\"https:\\\/\\\/dompolska.pl\\\/?page_id=18265#primaryimage\"},\"image\":{\"@id\":\"https:\\\/\\\/dompolska.pl\\\/?page_id=18265#primaryimage\"},\"thumbnailUrl\":\"https:\\\/\\\/dompolska.pl\\\/wp-content\\\/uploads\\\/2026\\\/01\\\/daniel-wiazry-4-576x1024.jpg\",\"datePublished\":\"2026-01-20T16:32:41+00:00\",\"dateModified\":\"2026-02-03T10:39:47+00:00\",\"breadcrumb\":{\"@id\":\"https:\\\/\\\/dompolska.pl\\\/?page_id=18265#breadcrumb\"},\"inLanguage\":\"pl-PL\",\"potentialAction\":[{\"@type\":\"ReadAction\",\"target\":[\"https:\\\/\\\/dompolska.pl\\\/?page_id=18265\"]}]},{\"@type\":\"ImageObject\",\"inLanguage\":\"pl-PL\",\"@id\":\"https:\\\/\\\/dompolska.pl\\\/?page_id=18265#primaryimage\",\"url\":\"https:\\\/\\\/dompolska.pl\\\/wp-content\\\/uploads\\\/2026\\\/01\\\/daniel-wiazry-4-576x1024.jpg\",\"contentUrl\":\"https:\\\/\\\/dompolska.pl\\\/wp-content\\\/uploads\\\/2026\\\/01\\\/daniel-wiazry-4-576x1024.jpg\"},{\"@type\":\"BreadcrumbList\",\"@id\":\"https:\\\/\\\/dompolska.pl\\\/?page_id=18265#breadcrumb\",\"itemListElement\":[{\"@type\":\"ListItem\",\"position\":1,\"name\":\"Strona g\u0142\u00f3wna\",\"item\":\"https:\\\/\\\/dompolska.pl\\\/\"},{\"@type\":\"ListItem\",\"position\":2,\"name\":\"DACH\"}]},{\"@type\":\"WebSite\",\"@id\":\"https:\\\/\\\/dompolska.pl\\\/#website\",\"url\":\"https:\\\/\\\/dompolska.pl\\\/\",\"name\":\"Budujemy 3 modele dom\u00f3w parterowych\",\"description\":\"\",\"publisher\":{\"@id\":\"https:\\\/\\\/dompolska.pl\\\/#organization\"},\"potentialAction\":[{\"@type\":\"SearchAction\",\"target\":{\"@type\":\"EntryPoint\",\"urlTemplate\":\"https:\\\/\\\/dompolska.pl\\\/?s={search_term_string}\"},\"query-input\":{\"@type\":\"PropertyValueSpecification\",\"valueRequired\":true,\"valueName\":\"search_term_string\"}}],\"inLanguage\":\"pl-PL\"},{\"@type\":\"Organization\",\"@id\":\"https:\\\/\\\/dompolska.pl\\\/#organization\",\"name\":\"DomPolska\",\"url\":\"https:\\\/\\\/dompolska.pl\\\/\",\"logo\":{\"@type\":\"ImageObject\",\"inLanguage\":\"pl-PL\",\"@id\":\"https:\\\/\\\/dompolska.pl\\\/#\\\/schema\\\/logo\\\/image\\\/\",\"url\":\"https:\\\/\\\/dompolska.pl\\\/wp-content\\\/uploads\\\/2026\\\/03\\\/cropped-logo-czarne-przezroczyste.png.png\",\"contentUrl\":\"https:\\\/\\\/dompolska.pl\\\/wp-content\\\/uploads\\\/2026\\\/03\\\/cropped-logo-czarne-przezroczyste.png.png\",\"width\":500,\"height\":167,\"caption\":\"DomPolska\"},\"image\":{\"@id\":\"https:\\\/\\\/dompolska.pl\\\/#\\\/schema\\\/logo\\\/image\\\/\"},\"sameAs\":[\"https:\\\/\\\/www.facebook.com\\\/profile.php?id=61573777104565\"]}]}<\/script>\n<!-- \/ Yoast SEO plugin. -->","yoast_head_json":{"title":"DACH - Budujemy domy parterowe","robots":{"index":"index","follow":"follow","max-snippet":"max-snippet:-1","max-image-preview":"max-image-preview:large","max-video-preview":"max-video-preview:-1"},"canonical":"https:\/\/dompolska.pl\/?page_id=18265","og_locale":"pl_PL","og_type":"article","og_title":"DACH - Budujemy domy parterowe","og_description":"Wi\u0105zary dachowe \u2013 pewno\u015b\u0107 i precyzja Wi\u0105zary dachowe to precyzyjne, bezpieczne i trwa\u0142e rozwi\u0105zanie, kt\u00f3re coraz cz\u0119\u015bciej zast\u0119puje tradycyjn\u0105 wi\u0119\u017ab\u0119 [&hellip;]","og_url":"https:\/\/dompolska.pl\/?page_id=18265","og_site_name":"Budujemy domy parterowe","article_publisher":"https:\/\/www.facebook.com\/profile.php?id=61573777104565","article_modified_time":"2026-02-03T10:39:47+00:00","og_image":[{"url":"https:\/\/dompolska.pl\/wp-content\/uploads\/2026\/01\/daniel-wiazry-4-576x1024.jpg","type":"","width":"","height":""}],"twitter_card":"summary_large_image","twitter_misc":{"Szacowany czas czytania":"1 minuta"},"schema":{"@context":"https:\/\/schema.org","@graph":[{"@type":"WebPage","@id":"https:\/\/dompolska.pl\/?page_id=18265","url":"https:\/\/dompolska.pl\/?page_id=18265","name":"DACH - Budujemy domy parterowe","isPartOf":{"@id":"https:\/\/dompolska.pl\/#website"},"primaryImageOfPage":{"@id":"https:\/\/dompolska.pl\/?page_id=18265#primaryimage"},"image":{"@id":"https:\/\/dompolska.pl\/?page_id=18265#primaryimage"},"thumbnailUrl":"https:\/\/dompolska.pl\/wp-content\/uploads\/2026\/01\/daniel-wiazry-4-576x1024.jpg","datePublished":"2026-01-20T16:32:41+00:00","dateModified":"2026-02-03T10:39:47+00:00","breadcrumb":{"@id":"https:\/\/dompolska.pl\/?page_id=18265#breadcrumb"},"inLanguage":"pl-PL","potentialAction":[{"@type":"ReadAction","target":["https:\/\/dompolska.pl\/?page_id=18265"]}]},{"@type":"ImageObject","inLanguage":"pl-PL","@id":"https:\/\/dompolska.pl\/?page_id=18265#primaryimage","url":"https:\/\/dompolska.pl\/wp-content\/uploads\/2026\/01\/daniel-wiazry-4-576x1024.jpg","contentUrl":"https:\/\/dompolska.pl\/wp-content\/uploads\/2026\/01\/daniel-wiazry-4-576x1024.jpg"},{"@type":"BreadcrumbList","@id":"https:\/\/dompolska.pl\/?page_id=18265#breadcrumb","itemListElement":[{"@type":"ListItem","position":1,"name":"Strona g\u0142\u00f3wna","item":"https:\/\/dompolska.pl\/"},{"@type":"ListItem","position":2,"name":"DACH"}]},{"@type":"WebSite","@id":"https:\/\/dompolska.pl\/#website","url":"https:\/\/dompolska.pl\/","name":"Budujemy 3 modele dom\u00f3w parterowych","description":"","publisher":{"@id":"https:\/\/dompolska.pl\/#organization"},"potentialAction":[{"@type":"SearchAction","target":{"@type":"EntryPoint","urlTemplate":"https:\/\/dompolska.pl\/?s={search_term_string}"},"query-input":{"@type":"PropertyValueSpecification","valueRequired":true,"valueName":"search_term_string"}}],"inLanguage":"pl-PL"},{"@type":"Organization","@id":"https:\/\/dompolska.pl\/#organization","name":"DomPolska","url":"https:\/\/dompolska.pl\/","logo":{"@type":"ImageObject","inLanguage":"pl-PL","@id":"https:\/\/dompolska.pl\/#\/schema\/logo\/image\/","url":"https:\/\/dompolska.pl\/wp-content\/uploads\/2026\/03\/cropped-logo-czarne-przezroczyste.png.png","contentUrl":"https:\/\/dompolska.pl\/wp-content\/uploads\/2026\/03\/cropped-logo-czarne-przezroczyste.png.png","width":500,"height":167,"caption":"DomPolska"},"image":{"@id":"https:\/\/dompolska.pl\/#\/schema\/logo\/image\/"},"sameAs":["https:\/\/www.facebook.com\/profile.php?id=61573777104565"]}]}},"_links":{"self":[{"href":"https:\/\/dompolska.pl\/index.php?rest_route=\/wp\/v2\/pages\/18265","targetHints":{"allow":["GET"]}}],"collection":[{"href":"https:\/\/dompolska.pl\/index.php?rest_route=\/wp\/v2\/pages"}],"about":[{"href":"https:\/\/dompolska.pl\/index.php?rest_route=\/wp\/v2\/types\/page"}],"author":[{"embeddable":true,"href":"https:\/\/dompolska.pl\/index.php?rest_route=\/wp\/v2\/users\/6"}],"replies":[{"embeddable":true,"href":"https:\/\/dompolska.pl\/index.php?rest_route=%2Fwp%2Fv2%2Fcomments&post=18265"}],"version-history":[{"count":10,"href":"https:\/\/dompolska.pl\/index.php?rest_route=\/wp\/v2\/pages\/18265\/revisions"}],"predecessor-version":[{"id":19120,"href":"https:\/\/dompolska.pl\/index.php?rest_route=\/wp\/v2\/pages\/18265\/revisions\/19120"}],"wp:attachment":[{"href":"https:\/\/dompolska.pl\/index.php?rest_route=%2Fwp%2Fv2%2Fmedia&parent=18265"}],"curies":[{"name":"wp","href":"https:\/\/api.w.org\/{rel}","templated":true}]}}