{"id":18242,"date":"2026-01-20T17:24:58","date_gmt":"2026-01-20T16:24:58","guid":{"rendered":"https:\/\/dompolska.pl\/?page_id=18242"},"modified":"2026-03-17T16:44:24","modified_gmt":"2026-03-17T15:44:24","slug":"drewniana","status":"publish","type":"page","link":"https:\/\/dompolska.pl\/?page_id=18242","title":{"rendered":"DREWNIANA"},"content":{"rendered":"\t\t<div data-elementor-type=\"wp-page\" data-elementor-id=\"18242\" class=\"elementor elementor-18242\">\n\t\t\t\t<div class=\"elementor-element elementor-element-5d4e5f0 e-flex e-con-boxed e-con e-parent\" data-id=\"5d4e5f0\" data-element_type=\"container\" data-e-type=\"container\">\n\t\t\t\t\t<div class=\"e-con-inner\">\n\t\t<div class=\"elementor-element elementor-element-1df6cd4 e-con-full e-flex e-con e-child\" data-id=\"1df6cd4\" data-element_type=\"container\" data-e-type=\"container\">\n\t\t\t\t<div class=\"elementor-element elementor-element-fc156d0 elementor-invisible elementor-widget elementor-widget-heading\" data-id=\"fc156d0\" data-element_type=\"widget\" data-e-type=\"widget\" data-settings=\"{&quot;_animation&quot;:&quot;fadeInLeft&quot;}\" data-widget_type=\"heading.default\">\n\t\t\t\t<div class=\"elementor-widget-container\">\n\t\t\t\t\t<h2 class=\"elementor-heading-title elementor-size-default\">Drewno C24 - kt\u00f3re przetrwa pokolenia<\/h2>\t\t\t\t<\/div>\n\t\t\t\t<\/div>\n\t\t\t\t<div class=\"elementor-element elementor-element-2125b5c elementor-invisible elementor-widget elementor-widget-text-editor\" data-id=\"2125b5c\" data-element_type=\"widget\" data-e-type=\"widget\" data-settings=\"{&quot;_animation&quot;:&quot;fadeInLeft&quot;}\" data-widget_type=\"text-editor.default\">\n\t\t\t\t<div class=\"elementor-widget-container\">\n\t\t\t\t\t\t\t\t\t<p data-start=\"145\" data-end=\"266\">W naszych realizacjach wykorzystujemy wy\u0142\u0105cznie\u00a0<strong data-start=\"193\" data-end=\"244\">drewno skandynawskie o klasie wytrzyma\u0142o\u015bci C24<\/strong>. Dlaczego w\u0142a\u015bnie to?<\/p><p data-start=\"268\" data-end=\"611\">Drewno klasy C24 pochodzi z ch\u0142odnych region\u00f3w Skandynawii, gdzie drzewa rosn\u0105 wolniej, co przek\u0142ada si\u0119 na ich\u00a0<strong data-start=\"380\" data-end=\"422\">wi\u0119ksz\u0105 g\u0119sto\u015b\u0107, stabilno\u015b\u0107 i trwa\u0142o\u015b\u0107<\/strong>. To drewno jest\u00a0<strong data-start=\"439\" data-end=\"473\">selekcjonowane i certyfikowane<\/strong>, co oznacza, \u017ce spe\u0142nia rygorystyczne normy dotycz\u0105ce wytrzyma\u0142o\u015bci mechanicznej \u2013 idealne do konstrukcji no\u015bnych w domach szkieletowych.<\/p><div class=\"elementor-element elementor-element-74c0ed9 e-con-full e-grid e-con e-child animated fadeInRight\" data-id=\"74c0ed9\" data-element_type=\"container\" data-settings=\"{&quot;animation&quot;:&quot;fadeInRight&quot;}\"><div class=\"elementor-element elementor-element-2f8851b elementor-widget elementor-widget-image\" data-id=\"2f8851b\" data-element_type=\"widget\" data-widget_type=\"image.default\">\u00a0<\/div><\/div>\t\t\t\t\t\t\t\t<\/div>\n\t\t\t\t<\/div>\n\t\t\t\t<div class=\"elementor-element elementor-element-462d0e8 elementor-invisible elementor-widget elementor-widget-text-editor\" data-id=\"462d0e8\" data-element_type=\"widget\" data-e-type=\"widget\" data-settings=\"{&quot;_animation&quot;:&quot;fadeInLeft&quot;}\" data-widget_type=\"text-editor.default\">\n\t\t\t\t<div class=\"elementor-widget-container\">\n\t\t\t\t\t\t\t\t\t<p>Wybieraj\u0105c C24, zyskujesz:<\/p><ul><li><strong>bezpiecze\u0144stwo konstrukcji<\/strong> &#8211; drewno nie p\u0119ka, nie wygina si\u0119, jest odporne na obci\u0105\u017cenia,<\/li><li><strong>energooszcz\u0119dno\u015b\u0107<\/strong> &#8211; lepsze parametry izolacyjne konstrukcji,\u00a0<\/li><li><strong>trwa\u0142o\u015b\u0107 na lata<\/strong> &#8211; idealne nawet w trudnych warunkach pogodowych<\/li><\/ul><div>To nie tylko materia\u0142 &#8211; to fundament nowoczesnego, ekologicznego i trwa\u0142ego domu.\u00a0<\/div>\t\t\t\t\t\t\t\t<\/div>\n\t\t\t\t<\/div>\n\t\t\t\t<\/div>\n\t\t<div class=\"elementor-element elementor-element-9baf5bb e-con-full e-flex e-con e-child\" data-id=\"9baf5bb\" data-element_type=\"container\" data-e-type=\"container\">\n\t\t<div class=\"elementor-element elementor-element-00bb398 e-grid e-con-boxed e-con e-child\" data-id=\"00bb398\" data-element_type=\"container\" data-e-type=\"container\">\n\t\t\t\t\t<div class=\"e-con-inner\">\n\t\t\t\t<div class=\"elementor-element elementor-element-de6150f elementor-invisible elementor-widget elementor-widget-image\" data-id=\"de6150f\" data-element_type=\"widget\" data-e-type=\"widget\" data-settings=\"{&quot;_animation&quot;:&quot;fadeInRight&quot;}\" data-widget_type=\"image.default\">\n\t\t\t\t<div class=\"elementor-widget-container\">\n\t\t\t\t\t\t\t\t\t\t\t\t\t\t\t<img fetchpriority=\"high\" decoding=\"async\" width=\"576\" height=\"1024\" src=\"https:\/\/dompolska.pl\/wp-content\/uploads\/2026\/03\/sciana-2pg-576x1024.jpg\" class=\"attachment-large size-large wp-image-37414\" alt=\"\" srcset=\"https:\/\/dompolska.pl\/wp-content\/uploads\/2026\/03\/sciana-2pg-576x1024.jpg 576w, https:\/\/dompolska.pl\/wp-content\/uploads\/2026\/03\/sciana-2pg-169x300.jpg 169w, https:\/\/dompolska.pl\/wp-content\/uploads\/2026\/03\/sciana-2pg-768x1365.jpg 768w, https:\/\/dompolska.pl\/wp-content\/uploads\/2026\/03\/sciana-2pg-864x1536.jpg 864w, https:\/\/dompolska.pl\/wp-content\/uploads\/2026\/03\/sciana-2pg.jpg 1148w\" sizes=\"(max-width: 576px) 100vw, 576px\" \/>\t\t\t\t\t\t\t\t\t\t\t\t\t\t\t<\/div>\n\t\t\t\t<\/div>\n\t\t\t\t<div class=\"elementor-element elementor-element-9c28193 elementor-invisible elementor-widget elementor-widget-image\" data-id=\"9c28193\" data-element_type=\"widget\" data-e-type=\"widget\" data-settings=\"{&quot;_animation&quot;:&quot;fadeInRight&quot;}\" data-widget_type=\"image.default\">\n\t\t\t\t<div class=\"elementor-widget-container\">\n\t\t\t\t\t\t\t\t\t\t\t\t\t\t\t<img decoding=\"async\" width=\"576\" height=\"1024\" src=\"https:\/\/dompolska.pl\/wp-content\/uploads\/2026\/03\/sciana-4-576x1024.jpg\" class=\"attachment-large size-large wp-image-37415\" alt=\"\" srcset=\"https:\/\/dompolska.pl\/wp-content\/uploads\/2026\/03\/sciana-4-576x1024.jpg 576w, https:\/\/dompolska.pl\/wp-content\/uploads\/2026\/03\/sciana-4-169x300.jpg 169w, https:\/\/dompolska.pl\/wp-content\/uploads\/2026\/03\/sciana-4-768x1365.jpg 768w, https:\/\/dompolska.pl\/wp-content\/uploads\/2026\/03\/sciana-4-864x1536.jpg 864w, https:\/\/dompolska.pl\/wp-content\/uploads\/2026\/03\/sciana-4.jpg 1148w\" sizes=\"(max-width: 576px) 100vw, 576px\" \/>\t\t\t\t\t\t\t\t\t\t\t\t\t\t\t<\/div>\n\t\t\t\t<\/div>\n\t\t\t\t<div class=\"elementor-element elementor-element-c5f93cd elementor-invisible elementor-widget elementor-widget-image\" data-id=\"c5f93cd\" data-element_type=\"widget\" data-e-type=\"widget\" data-settings=\"{&quot;_animation&quot;:&quot;fadeInRight&quot;}\" data-widget_type=\"image.default\">\n\t\t\t\t<div class=\"elementor-widget-container\">\n\t\t\t\t\t\t\t\t\t\t\t\t\t\t\t<img decoding=\"async\" width=\"576\" height=\"1024\" src=\"https:\/\/dompolska.pl\/wp-content\/uploads\/2026\/03\/realizacja-W-KR-576x1024.jpg\" class=\"attachment-large size-large wp-image-37416\" alt=\"\" srcset=\"https:\/\/dompolska.pl\/wp-content\/uploads\/2026\/03\/realizacja-W-KR-576x1024.jpg 576w, https:\/\/dompolska.pl\/wp-content\/uploads\/2026\/03\/realizacja-W-KR-169x300.jpg 169w, https:\/\/dompolska.pl\/wp-content\/uploads\/2026\/03\/realizacja-W-KR-768x1365.jpg 768w, https:\/\/dompolska.pl\/wp-content\/uploads\/2026\/03\/realizacja-W-KR-864x1536.jpg 864w, https:\/\/dompolska.pl\/wp-content\/uploads\/2026\/03\/realizacja-W-KR.jpg 1148w\" sizes=\"(max-width: 576px) 100vw, 576px\" \/>\t\t\t\t\t\t\t\t\t\t\t\t\t\t\t<\/div>\n\t\t\t\t<\/div>\n\t\t\t\t<div class=\"elementor-element elementor-element-167d6f9 elementor-invisible elementor-widget elementor-widget-image\" data-id=\"167d6f9\" data-element_type=\"widget\" data-e-type=\"widget\" data-settings=\"{&quot;_animation&quot;:&quot;fadeInRight&quot;}\" data-widget_type=\"image.default\">\n\t\t\t\t<div class=\"elementor-widget-container\">\n\t\t\t\t\t\t\t\t\t\t\t\t\t\t\t<img loading=\"lazy\" decoding=\"async\" width=\"576\" height=\"1024\" src=\"https:\/\/dompolska.pl\/wp-content\/uploads\/2026\/03\/sciana-576x1024.jpg\" class=\"attachment-large size-large wp-image-37417\" alt=\"\" srcset=\"https:\/\/dompolska.pl\/wp-content\/uploads\/2026\/03\/sciana-576x1024.jpg 576w, https:\/\/dompolska.pl\/wp-content\/uploads\/2026\/03\/sciana-169x300.jpg 169w, https:\/\/dompolska.pl\/wp-content\/uploads\/2026\/03\/sciana-768x1365.jpg 768w, https:\/\/dompolska.pl\/wp-content\/uploads\/2026\/03\/sciana-864x1536.jpg 864w, https:\/\/dompolska.pl\/wp-content\/uploads\/2026\/03\/sciana.jpg 900w\" sizes=\"(max-width: 576px) 100vw, 576px\" \/>\t\t\t\t\t\t\t\t\t\t\t\t\t\t\t<\/div>\n\t\t\t\t<\/div>\n\t\t\t\t\t<\/div>\n\t\t\t\t<\/div>\n\t\t\t\t<\/div>\n\t\t\t\t\t<\/div>\n\t\t\t\t<\/div>\n\t\t<div class=\"elementor-element elementor-element-bb39b4d e-flex e-con-boxed e-con e-parent\" data-id=\"bb39b4d\" data-element_type=\"container\" data-e-type=\"container\">\n\t\t\t\t\t<div class=\"e-con-inner\">\n\t\t<div class=\"elementor-element elementor-element-890904b e-con-full e-flex e-con e-child\" data-id=\"890904b\" data-element_type=\"container\" data-e-type=\"container\">\n\t\t\t\t<div class=\"elementor-element elementor-element-05bdbfe elementor-invisible elementor-widget elementor-widget-heading\" data-id=\"05bdbfe\" data-element_type=\"widget\" data-e-type=\"widget\" data-settings=\"{&quot;_animation&quot;:&quot;fadeInLeft&quot;}\" data-widget_type=\"heading.default\">\n\t\t\t\t<div class=\"elementor-widget-container\">\n\t\t\t\t\t<h2 class=\"elementor-heading-title elementor-size-default\">Siniat Defendex \/ Agepan DWD Protect \u2013 solidna tarcza Twojego domu<\/h2>\t\t\t\t<\/div>\n\t\t\t\t<\/div>\n\t\t\t\t<div class=\"elementor-element elementor-element-f9ec03d elementor-invisible elementor-widget elementor-widget-text-editor\" data-id=\"f9ec03d\" data-element_type=\"widget\" data-e-type=\"widget\" data-settings=\"{&quot;_animation&quot;:&quot;fadeInLeft&quot;}\" data-widget_type=\"text-editor.default\">\n\t\t\t\t<div class=\"elementor-widget-container\">\n\t\t\t\t\t\t\t\t\t<p>Nowoczesne poszycie zewn\u0119trzne, stworzone z my\u015bl\u0105 o <strong>trwa\u0142o\u015bci, odporno\u015bci i bezpiecze\u0144stwie dom\u00f3w szkieletowych<\/strong>. Jest ognioodporna, odporna na wilgo\u0107, grzyby i uszkodzenia mechaniczne.\u00a0<\/p><p>Dzi\u0119ki specjalnej technologii stanowi <strong>sztywn\u0105 i wytrzyma\u0142\u0105 baz\u0119 pod elewacj\u0119<\/strong>, chroni\u0105c konstrukcj\u0119 przed warunkami atmosferycznymi i zapewniaj\u0105c stabilno\u015b\u0107 ca\u0142ego budynku.\u00a0<\/p><p>To najlepszy wyb\u00f3r, je\u015bli chcesz mie\u0107 pewno\u015b\u0107, \u017ce Tw\u00f3j dom b\u0119dzie <strong>mocny, trwa\u0142y i dobrze zabezpieczony &#8211; od samego pocz\u0105tku.\u00a0<\/strong><\/p>\t\t\t\t\t\t\t\t<\/div>\n\t\t\t\t<\/div>\n\t\t\t\t<div class=\"elementor-element elementor-element-f8608a6 elementor-align-center elementor-widget elementor-widget-button\" data-id=\"f8608a6\" data-element_type=\"widget\" data-e-type=\"widget\" data-widget_type=\"button.default\">\n\t\t\t\t<div class=\"elementor-widget-container\">\n\t\t\t\t\t\t\t\t\t<div class=\"elementor-button-wrapper\">\n\t\t\t\t\t<a class=\"elementor-button elementor-button-link elementor-size-sm\" href=\"https:\/\/dompolska.pl\/?page_id=18224\">\n\t\t\t\t\t\t<span class=\"elementor-button-content-wrapper\">\n\t\t\t\t\t\t<span class=\"elementor-button-icon\">\n\t\t\t\t<svg aria-hidden=\"true\" class=\"e-font-icon-svg e-fas-angle-right\" viewBox=\"0 0 256 512\" xmlns=\"http:\/\/www.w3.org\/2000\/svg\"><path d=\"M224.3 273l-136 136c-9.4 9.4-24.6 9.4-33.9 0l-22.6-22.6c-9.4-9.4-9.4-24.6 0-33.9l96.4-96.4-96.4-96.4c-9.4-9.4-9.4-24.6 0-33.9L54.3 103c9.4-9.4 24.6-9.4 33.9 0l136 136c9.5 9.4 9.5 24.6.1 34z\"><\/path><\/svg>\t\t\t<\/span>\n\t\t\t\t\t\t\t\t\t<span class=\"elementor-button-text\">technologia murowana<\/span>\n\t\t\t\t\t<\/span>\n\t\t\t\t\t<\/a>\n\t\t\t\t<\/div>\n\t\t\t\t\t\t\t\t<\/div>\n\t\t\t\t<\/div>\n\t\t\t\t<\/div>\n\t\t<div class=\"elementor-element elementor-element-ec629bb e-con-full e-flex e-con e-child\" data-id=\"ec629bb\" data-element_type=\"container\" data-e-type=\"container\">\n\t\t\t\t<div class=\"elementor-element elementor-element-44bc6dc elementor-invisible elementor-widget elementor-widget-image\" data-id=\"44bc6dc\" data-element_type=\"widget\" data-e-type=\"widget\" data-settings=\"{&quot;_animation&quot;:&quot;fadeInRight&quot;}\" data-widget_type=\"image.default\">\n\t\t\t\t<div class=\"elementor-widget-container\">\n\t\t\t\t\t\t\t\t\t\t\t\t\t\t\t<img loading=\"lazy\" decoding=\"async\" width=\"768\" height=\"1365\" src=\"https:\/\/dompolska.pl\/wp-content\/uploads\/2026\/03\/siniat-defendex-2-768x1365.jpg\" class=\"attachment-medium_large size-medium_large wp-image-37412\" alt=\"\" srcset=\"https:\/\/dompolska.pl\/wp-content\/uploads\/2026\/03\/siniat-defendex-2-768x1365.jpg 768w, https:\/\/dompolska.pl\/wp-content\/uploads\/2026\/03\/siniat-defendex-2-169x300.jpg 169w, https:\/\/dompolska.pl\/wp-content\/uploads\/2026\/03\/siniat-defendex-2-576x1024.jpg 576w, https:\/\/dompolska.pl\/wp-content\/uploads\/2026\/03\/siniat-defendex-2-864x1536.jpg 864w, https:\/\/dompolska.pl\/wp-content\/uploads\/2026\/03\/siniat-defendex-2.jpg 1148w\" sizes=\"(max-width: 768px) 100vw, 768px\" \/>\t\t\t\t\t\t\t\t\t\t\t\t\t\t\t<\/div>\n\t\t\t\t<\/div>\n\t\t\t\t<\/div>\n\t\t\t\t\t<\/div>\n\t\t\t\t<\/div>\n\t\t\t\t<\/div>\n\t\t","protected":false},"excerpt":{"rendered":"<p>Drewno C24 &#8211; kt\u00f3re przetrwa pokolenia W naszych realizacjach wykorzystujemy wy\u0142\u0105cznie\u00a0drewno skandynawskie o klasie wytrzyma\u0142o\u015bci C24. Dlaczego w\u0142a\u015bnie to? Drewno [&hellip;]<\/p>\n","protected":false},"author":6,"featured_media":0,"parent":0,"menu_order":0,"comment_status":"closed","ping_status":"closed","template":"","meta":{"site-sidebar-layout":"no-sidebar","site-content-layout":"","ast-site-content-layout":"full-width-container","site-content-style":"default","site-sidebar-style":"default","ast-global-header-display":"","ast-banner-title-visibility":"","ast-main-header-display":"","ast-hfb-above-header-display":"","ast-hfb-below-header-display":"","ast-hfb-mobile-header-display":"","site-post-title":"disabled","ast-breadcrumbs-content":"","ast-featured-img":"disabled","footer-sml-layout":"","ast-disable-related-posts":"","theme-transparent-header-meta":"","adv-header-id-meta":"","stick-header-meta":"","header-above-stick-meta":"","header-main-stick-meta":"","header-below-stick-meta":"","astra-migrate-meta-layouts":"default","ast-page-background-enabled":"default","ast-page-background-meta":{"desktop":{"background-color":"var(--ast-global-color-4)","background-image":"","background-repeat":"repeat","background-position":"center center","background-size":"auto","background-attachment":"scroll","background-type":"","background-media":"","overlay-type":"","overlay-color":"","overlay-gradient":""},"tablet":{"background-color":"","background-image":"","background-repeat":"repeat","background-position":"center center","background-size":"auto","background-attachment":"scroll","background-type":"","background-media":"","overlay-type":"","overlay-color":"","overlay-gradient":""},"mobile":{"background-color":"","background-image":"","background-repeat":"repeat","background-position":"center center","background-size":"auto","background-attachment":"scroll","background-type":"","background-media":"","overlay-type":"","overlay-color":"","overlay-gradient":""}},"ast-content-background-meta":{"desktop":{"background-color":"var(--ast-global-color-5)","background-image":"","background-repeat":"repeat","background-position":"center center","background-size":"auto","background-attachment":"scroll","background-type":"","background-media":"","overlay-type":"","overlay-color":"","overlay-gradient":""},"tablet":{"background-color":"var(--ast-global-color-5)","background-image":"","background-repeat":"repeat","background-position":"center center","background-size":"auto","background-attachment":"scroll","background-type":"","background-media":"","overlay-type":"","overlay-color":"","overlay-gradient":""},"mobile":{"background-color":"var(--ast-global-color-5)","background-image":"","background-repeat":"repeat","background-position":"center center","background-size":"auto","background-attachment":"scroll","background-type":"","background-media":"","overlay-type":"","overlay-color":"","overlay-gradient":""}},"footnotes":""},"class_list":["post-18242","page","type-page","status-publish","hentry"],"yoast_head":"<!-- This site is optimized with the Yoast SEO plugin v27.4 - https:\/\/yoast.com\/product\/yoast-seo-wordpress\/ -->\n<title>DREWNIANA - Budujemy domy parterowe<\/title>\n<meta name=\"robots\" content=\"index, follow, max-snippet:-1, max-image-preview:large, max-video-preview:-1\" \/>\n<link rel=\"canonical\" href=\"https:\/\/dompolska.pl\/?page_id=18242\" \/>\n<meta property=\"og:locale\" content=\"pl_PL\" \/>\n<meta property=\"og:type\" content=\"article\" \/>\n<meta property=\"og:title\" content=\"DREWNIANA - Budujemy domy parterowe\" \/>\n<meta property=\"og:description\" content=\"Drewno C24 &#8211; kt\u00f3re przetrwa pokolenia W naszych realizacjach wykorzystujemy wy\u0142\u0105cznie\u00a0drewno skandynawskie o klasie wytrzyma\u0142o\u015bci C24. Dlaczego w\u0142a\u015bnie to? Drewno [&hellip;]\" \/>\n<meta property=\"og:url\" content=\"https:\/\/dompolska.pl\/?page_id=18242\" \/>\n<meta property=\"og:site_name\" content=\"Budujemy domy parterowe\" \/>\n<meta property=\"article:publisher\" content=\"https:\/\/www.facebook.com\/profile.php?id=61573777104565\" \/>\n<meta property=\"article:modified_time\" content=\"2026-03-17T15:44:24+00:00\" \/>\n<meta property=\"og:image\" content=\"https:\/\/dompolska.pl\/wp-content\/uploads\/2026\/03\/sciana-2pg.jpg\" \/>\n\t<meta property=\"og:image:width\" content=\"1148\" \/>\n\t<meta property=\"og:image:height\" content=\"2040\" \/>\n\t<meta property=\"og:image:type\" content=\"image\/jpeg\" \/>\n<meta name=\"twitter:card\" content=\"summary_large_image\" \/>\n<meta name=\"twitter:label1\" content=\"Szacowany czas czytania\" \/>\n\t<meta name=\"twitter:data1\" content=\"1 minuta\" \/>\n<script type=\"application\/ld+json\" class=\"yoast-schema-graph\">{\"@context\":\"https:\\\/\\\/schema.org\",\"@graph\":[{\"@type\":\"WebPage\",\"@id\":\"https:\\\/\\\/dompolska.pl\\\/?page_id=18242\",\"url\":\"https:\\\/\\\/dompolska.pl\\\/?page_id=18242\",\"name\":\"DREWNIANA - Budujemy domy parterowe\",\"isPartOf\":{\"@id\":\"https:\\\/\\\/dompolska.pl\\\/#website\"},\"primaryImageOfPage\":{\"@id\":\"https:\\\/\\\/dompolska.pl\\\/?page_id=18242#primaryimage\"},\"image\":{\"@id\":\"https:\\\/\\\/dompolska.pl\\\/?page_id=18242#primaryimage\"},\"thumbnailUrl\":\"https:\\\/\\\/dompolska.pl\\\/wp-content\\\/uploads\\\/2026\\\/03\\\/sciana-2pg-576x1024.jpg\",\"datePublished\":\"2026-01-20T16:24:58+00:00\",\"dateModified\":\"2026-03-17T15:44:24+00:00\",\"breadcrumb\":{\"@id\":\"https:\\\/\\\/dompolska.pl\\\/?page_id=18242#breadcrumb\"},\"inLanguage\":\"pl-PL\",\"potentialAction\":[{\"@type\":\"ReadAction\",\"target\":[\"https:\\\/\\\/dompolska.pl\\\/?page_id=18242\"]}]},{\"@type\":\"ImageObject\",\"inLanguage\":\"pl-PL\",\"@id\":\"https:\\\/\\\/dompolska.pl\\\/?page_id=18242#primaryimage\",\"url\":\"https:\\\/\\\/dompolska.pl\\\/wp-content\\\/uploads\\\/2026\\\/03\\\/sciana-2pg.jpg\",\"contentUrl\":\"https:\\\/\\\/dompolska.pl\\\/wp-content\\\/uploads\\\/2026\\\/03\\\/sciana-2pg.jpg\",\"width\":1148,\"height\":2040},{\"@type\":\"BreadcrumbList\",\"@id\":\"https:\\\/\\\/dompolska.pl\\\/?page_id=18242#breadcrumb\",\"itemListElement\":[{\"@type\":\"ListItem\",\"position\":1,\"name\":\"Strona g\u0142\u00f3wna\",\"item\":\"https:\\\/\\\/dompolska.pl\\\/\"},{\"@type\":\"ListItem\",\"position\":2,\"name\":\"DREWNIANA\"}]},{\"@type\":\"WebSite\",\"@id\":\"https:\\\/\\\/dompolska.pl\\\/#website\",\"url\":\"https:\\\/\\\/dompolska.pl\\\/\",\"name\":\"Budujemy 3 modele dom\u00f3w parterowych\",\"description\":\"\",\"publisher\":{\"@id\":\"https:\\\/\\\/dompolska.pl\\\/#organization\"},\"potentialAction\":[{\"@type\":\"SearchAction\",\"target\":{\"@type\":\"EntryPoint\",\"urlTemplate\":\"https:\\\/\\\/dompolska.pl\\\/?s={search_term_string}\"},\"query-input\":{\"@type\":\"PropertyValueSpecification\",\"valueRequired\":true,\"valueName\":\"search_term_string\"}}],\"inLanguage\":\"pl-PL\"},{\"@type\":\"Organization\",\"@id\":\"https:\\\/\\\/dompolska.pl\\\/#organization\",\"name\":\"DomPolska\",\"url\":\"https:\\\/\\\/dompolska.pl\\\/\",\"logo\":{\"@type\":\"ImageObject\",\"inLanguage\":\"pl-PL\",\"@id\":\"https:\\\/\\\/dompolska.pl\\\/#\\\/schema\\\/logo\\\/image\\\/\",\"url\":\"https:\\\/\\\/dompolska.pl\\\/wp-content\\\/uploads\\\/2026\\\/03\\\/cropped-logo-czarne-przezroczyste.png.png\",\"contentUrl\":\"https:\\\/\\\/dompolska.pl\\\/wp-content\\\/uploads\\\/2026\\\/03\\\/cropped-logo-czarne-przezroczyste.png.png\",\"width\":500,\"height\":167,\"caption\":\"DomPolska\"},\"image\":{\"@id\":\"https:\\\/\\\/dompolska.pl\\\/#\\\/schema\\\/logo\\\/image\\\/\"},\"sameAs\":[\"https:\\\/\\\/www.facebook.com\\\/profile.php?id=61573777104565\"]}]}<\/script>\n<!-- \/ Yoast SEO plugin. -->","yoast_head_json":{"title":"DREWNIANA - Budujemy domy parterowe","robots":{"index":"index","follow":"follow","max-snippet":"max-snippet:-1","max-image-preview":"max-image-preview:large","max-video-preview":"max-video-preview:-1"},"canonical":"https:\/\/dompolska.pl\/?page_id=18242","og_locale":"pl_PL","og_type":"article","og_title":"DREWNIANA - Budujemy domy parterowe","og_description":"Drewno C24 &#8211; kt\u00f3re przetrwa pokolenia W naszych realizacjach wykorzystujemy wy\u0142\u0105cznie\u00a0drewno skandynawskie o klasie wytrzyma\u0142o\u015bci C24. Dlaczego w\u0142a\u015bnie to? Drewno [&hellip;]","og_url":"https:\/\/dompolska.pl\/?page_id=18242","og_site_name":"Budujemy domy parterowe","article_publisher":"https:\/\/www.facebook.com\/profile.php?id=61573777104565","article_modified_time":"2026-03-17T15:44:24+00:00","og_image":[{"width":1148,"height":2040,"url":"https:\/\/dompolska.pl\/wp-content\/uploads\/2026\/03\/sciana-2pg.jpg","type":"image\/jpeg"}],"twitter_card":"summary_large_image","twitter_misc":{"Szacowany czas czytania":"1 minuta"},"schema":{"@context":"https:\/\/schema.org","@graph":[{"@type":"WebPage","@id":"https:\/\/dompolska.pl\/?page_id=18242","url":"https:\/\/dompolska.pl\/?page_id=18242","name":"DREWNIANA - Budujemy domy parterowe","isPartOf":{"@id":"https:\/\/dompolska.pl\/#website"},"primaryImageOfPage":{"@id":"https:\/\/dompolska.pl\/?page_id=18242#primaryimage"},"image":{"@id":"https:\/\/dompolska.pl\/?page_id=18242#primaryimage"},"thumbnailUrl":"https:\/\/dompolska.pl\/wp-content\/uploads\/2026\/03\/sciana-2pg-576x1024.jpg","datePublished":"2026-01-20T16:24:58+00:00","dateModified":"2026-03-17T15:44:24+00:00","breadcrumb":{"@id":"https:\/\/dompolska.pl\/?page_id=18242#breadcrumb"},"inLanguage":"pl-PL","potentialAction":[{"@type":"ReadAction","target":["https:\/\/dompolska.pl\/?page_id=18242"]}]},{"@type":"ImageObject","inLanguage":"pl-PL","@id":"https:\/\/dompolska.pl\/?page_id=18242#primaryimage","url":"https:\/\/dompolska.pl\/wp-content\/uploads\/2026\/03\/sciana-2pg.jpg","contentUrl":"https:\/\/dompolska.pl\/wp-content\/uploads\/2026\/03\/sciana-2pg.jpg","width":1148,"height":2040},{"@type":"BreadcrumbList","@id":"https:\/\/dompolska.pl\/?page_id=18242#breadcrumb","itemListElement":[{"@type":"ListItem","position":1,"name":"Strona g\u0142\u00f3wna","item":"https:\/\/dompolska.pl\/"},{"@type":"ListItem","position":2,"name":"DREWNIANA"}]},{"@type":"WebSite","@id":"https:\/\/dompolska.pl\/#website","url":"https:\/\/dompolska.pl\/","name":"Budujemy 3 modele dom\u00f3w parterowych","description":"","publisher":{"@id":"https:\/\/dompolska.pl\/#organization"},"potentialAction":[{"@type":"SearchAction","target":{"@type":"EntryPoint","urlTemplate":"https:\/\/dompolska.pl\/?s={search_term_string}"},"query-input":{"@type":"PropertyValueSpecification","valueRequired":true,"valueName":"search_term_string"}}],"inLanguage":"pl-PL"},{"@type":"Organization","@id":"https:\/\/dompolska.pl\/#organization","name":"DomPolska","url":"https:\/\/dompolska.pl\/","logo":{"@type":"ImageObject","inLanguage":"pl-PL","@id":"https:\/\/dompolska.pl\/#\/schema\/logo\/image\/","url":"https:\/\/dompolska.pl\/wp-content\/uploads\/2026\/03\/cropped-logo-czarne-przezroczyste.png.png","contentUrl":"https:\/\/dompolska.pl\/wp-content\/uploads\/2026\/03\/cropped-logo-czarne-przezroczyste.png.png","width":500,"height":167,"caption":"DomPolska"},"image":{"@id":"https:\/\/dompolska.pl\/#\/schema\/logo\/image\/"},"sameAs":["https:\/\/www.facebook.com\/profile.php?id=61573777104565"]}]}},"_links":{"self":[{"href":"https:\/\/dompolska.pl\/index.php?rest_route=\/wp\/v2\/pages\/18242","targetHints":{"allow":["GET"]}}],"collection":[{"href":"https:\/\/dompolska.pl\/index.php?rest_route=\/wp\/v2\/pages"}],"about":[{"href":"https:\/\/dompolska.pl\/index.php?rest_route=\/wp\/v2\/types\/page"}],"author":[{"embeddable":true,"href":"https:\/\/dompolska.pl\/index.php?rest_route=\/wp\/v2\/users\/6"}],"replies":[{"embeddable":true,"href":"https:\/\/dompolska.pl\/index.php?rest_route=%2Fwp%2Fv2%2Fcomments&post=18242"}],"version-history":[{"count":40,"href":"https:\/\/dompolska.pl\/index.php?rest_route=\/wp\/v2\/pages\/18242\/revisions"}],"predecessor-version":[{"id":37423,"href":"https:\/\/dompolska.pl\/index.php?rest_route=\/wp\/v2\/pages\/18242\/revisions\/37423"}],"wp:attachment":[{"href":"https:\/\/dompolska.pl\/index.php?rest_route=%2Fwp%2Fv2%2Fmedia&parent=18242"}],"curies":[{"name":"wp","href":"https:\/\/api.w.org\/{rel}","templated":true}]}}