{"id":18224,"date":"2026-01-20T17:19:22","date_gmt":"2026-01-20T16:19:22","guid":{"rendered":"https:\/\/dompolska.pl\/?page_id=18224"},"modified":"2026-03-17T16:39:41","modified_gmt":"2026-03-17T15:39:41","slug":"murowana","status":"publish","type":"page","link":"https:\/\/dompolska.pl\/?page_id=18224","title":{"rendered":"MUROWANA"},"content":{"rendered":"\t\t<div data-elementor-type=\"wp-page\" data-elementor-id=\"18224\" class=\"elementor elementor-18224\">\n\t\t\t\t<div class=\"elementor-element elementor-element-102a538 e-flex e-con-boxed e-con e-parent\" data-id=\"102a538\" data-element_type=\"container\" data-e-type=\"container\">\n\t\t\t\t\t<div class=\"e-con-inner\">\n\t\t<div class=\"elementor-element elementor-element-9b1212b e-con-full e-flex e-con e-child\" data-id=\"9b1212b\" data-element_type=\"container\" data-e-type=\"container\">\n\t\t\t\t<div class=\"elementor-element elementor-element-5f78ae2 elementor-invisible elementor-widget elementor-widget-heading\" data-id=\"5f78ae2\" data-element_type=\"widget\" data-e-type=\"widget\" data-settings=\"{&quot;_animation&quot;:&quot;fadeInLeft&quot;}\" data-widget_type=\"heading.default\">\n\t\t\t\t<div class=\"elementor-widget-container\">\n\t\t\t\t\t<h2 class=\"elementor-heading-title elementor-size-default\">Dom murowany z betonu kom\u00f3rkowego \u2013 trwa\u0142o\u015b\u0107, ciep\u0142o i komfort na lata<\/h2>\t\t\t\t<\/div>\n\t\t\t\t<\/div>\n\t\t\t\t<div class=\"elementor-element elementor-element-17d1c27 elementor-invisible elementor-widget elementor-widget-text-editor\" data-id=\"17d1c27\" data-element_type=\"widget\" data-e-type=\"widget\" data-settings=\"{&quot;_animation&quot;:&quot;fadeInLeft&quot;}\" data-widget_type=\"text-editor.default\">\n\t\t\t\t<div class=\"elementor-widget-container\">\n\t\t\t\t\t\t\t\t\t<p>Budowa domu z betonu kom\u00f3rkowego to po\u0142\u0105czenie tradycyjnej solidno\u015bci z nowoczesnym podej\u015bciem do energooszcz\u0119dno\u015bci. Ten lekki, a jednocze\u015bnie wytrzyma\u0142y materia\u0142 zapewnia doskona\u0142\u0105 izolacj\u0119 ciepln\u0105, oddychaj\u0105ce \u015bciany i zdrowy mikroklimat wewn\u0105trz domu. Dzi\u0119ki du\u017cym i precyzyjnym bloczkom proces nbudowy przebiega szybko i sprawnie.\u00a0<\/p><p>Domy murowane w tej technologii s\u0105 trwa\u0142e, odporne na ogie\u0144 i warunki atmosferyczne, a jednocze\u015bnie komfortowe i bezpieczne. To idealny wyb\u00f3r dla os\u00f3b, kt\u00f3re szukaj\u0105 sprawdzonego rozwi\u0105zania na lata &#8211; solidnego, ciep\u0142ego i \u0142atwego w utrzymaniu.\u00a0<\/p><p>\u00a0<\/p>\t\t\t\t\t\t\t\t<\/div>\n\t\t\t\t<\/div>\n\t\t\t\t<\/div>\n\t\t<div class=\"elementor-element elementor-element-22d6535 e-con-full e-flex e-con e-child\" data-id=\"22d6535\" data-element_type=\"container\" data-e-type=\"container\">\n\t\t\t\t<div class=\"elementor-element elementor-element-25bcee0 elementor-invisible elementor-widget elementor-widget-image\" data-id=\"25bcee0\" data-element_type=\"widget\" data-e-type=\"widget\" data-settings=\"{&quot;_animation&quot;:&quot;fadeInRight&quot;}\" data-widget_type=\"image.default\">\n\t\t\t\t<div class=\"elementor-widget-container\">\n\t\t\t\t\t\t\t\t\t\t\t\t\t\t\t<img decoding=\"async\" src=\"https:\/\/dompolska.pl\/wp-content\/uploads\/2026\/01\/beton-komorkowy-sciany.jpg\" title=\"\" alt=\"\" loading=\"lazy\" \/>\t\t\t\t\t\t\t\t\t\t\t\t\t\t\t<\/div>\n\t\t\t\t<\/div>\n\t\t\t\t<div class=\"elementor-element elementor-element-042ecfe elementor-invisible elementor-widget elementor-widget-image\" data-id=\"042ecfe\" data-element_type=\"widget\" data-e-type=\"widget\" data-settings=\"{&quot;_animation&quot;:&quot;fadeInRight&quot;}\" data-widget_type=\"image.default\">\n\t\t\t\t<div class=\"elementor-widget-container\">\n\t\t\t\t\t\t\t\t\t\t\t\t\t\t\t<img fetchpriority=\"high\" decoding=\"async\" width=\"1024\" height=\"576\" src=\"https:\/\/dompolska.pl\/wp-content\/uploads\/2026\/03\/budowa-Byk-1024x576.jpeg\" class=\"attachment-large size-large wp-image-37313\" alt=\"\" srcset=\"https:\/\/dompolska.pl\/wp-content\/uploads\/2026\/03\/budowa-Byk-1024x576.jpeg 1024w, https:\/\/dompolska.pl\/wp-content\/uploads\/2026\/03\/budowa-Byk-300x169.jpeg 300w, https:\/\/dompolska.pl\/wp-content\/uploads\/2026\/03\/budowa-Byk-768x432.jpeg 768w, https:\/\/dompolska.pl\/wp-content\/uploads\/2026\/03\/budowa-Byk-1536x864.jpeg 1536w, https:\/\/dompolska.pl\/wp-content\/uploads\/2026\/03\/budowa-Byk.jpeg 1600w\" sizes=\"(max-width: 1024px) 100vw, 1024px\" \/>\t\t\t\t\t\t\t\t\t\t\t\t\t\t\t<\/div>\n\t\t\t\t<\/div>\n\t\t\t\t<\/div>\n\t\t\t\t\t<\/div>\n\t\t\t\t<\/div>\n\t\t<div class=\"elementor-element elementor-element-809eeac e-flex e-con-boxed e-con e-parent\" data-id=\"809eeac\" data-element_type=\"container\" data-e-type=\"container\">\n\t\t\t\t\t<div class=\"e-con-inner\">\n\t\t<div class=\"elementor-element elementor-element-483aa81 e-con-full e-flex e-con e-child\" data-id=\"483aa81\" data-element_type=\"container\" data-e-type=\"container\">\n\t\t\t\t<div class=\"elementor-element elementor-element-c11500b elementor-invisible elementor-widget elementor-widget-image\" data-id=\"c11500b\" data-element_type=\"widget\" data-e-type=\"widget\" data-settings=\"{&quot;_animation&quot;:&quot;fadeInLeft&quot;}\" data-widget_type=\"image.default\">\n\t\t\t\t<div class=\"elementor-widget-container\">\n\t\t\t\t\t\t\t\t\t\t\t\t\t\t\t<img decoding=\"async\" src=\"https:\/\/dompolska.pl\/wp-content\/uploads\/2026\/01\/20160919001-35.webp\" title=\"\" alt=\"\" loading=\"lazy\" \/>\t\t\t\t\t\t\t\t\t\t\t\t\t\t\t<\/div>\n\t\t\t\t<\/div>\n\t\t\t\t<\/div>\n\t\t<div class=\"elementor-element elementor-element-131eebb e-con-full e-flex e-con e-child\" data-id=\"131eebb\" data-element_type=\"container\" data-e-type=\"container\">\n\t\t\t\t<div class=\"elementor-element elementor-element-b94a921 elementor-invisible elementor-widget elementor-widget-image\" data-id=\"b94a921\" data-element_type=\"widget\" data-e-type=\"widget\" data-settings=\"{&quot;_animation&quot;:&quot;fadeInRight&quot;}\" data-widget_type=\"image.default\">\n\t\t\t\t<div class=\"elementor-widget-container\">\n\t\t\t\t\t\t\t\t\t\t\t\t\t\t\t<img decoding=\"async\" src=\"https:\/\/dompolska.pl\/wp-content\/uploads\/2026\/01\/download.jpg\" title=\"\" alt=\"\" loading=\"lazy\" \/>\t\t\t\t\t\t\t\t\t\t\t\t\t\t\t<\/div>\n\t\t\t\t<\/div>\n\t\t\t\t<\/div>\n\t\t<div class=\"elementor-element elementor-element-34963ed e-con-full e-flex e-con e-child\" data-id=\"34963ed\" data-element_type=\"container\" data-e-type=\"container\">\n\t\t\t\t<div class=\"elementor-element elementor-element-cebd2ff elementor-widget elementor-widget-image\" data-id=\"cebd2ff\" data-element_type=\"widget\" data-e-type=\"widget\" data-widget_type=\"image.default\">\n\t\t\t\t<div class=\"elementor-widget-container\">\n\t\t\t\t\t\t\t\t\t\t\t\t\t\t\t<img decoding=\"async\" width=\"300\" height=\"199\" src=\"https:\/\/dompolska.pl\/wp-content\/uploads\/2026\/03\/20160919001-35-300x199.webp\" class=\"attachment-medium size-medium wp-image-37407\" alt=\"\" srcset=\"https:\/\/dompolska.pl\/wp-content\/uploads\/2026\/03\/20160919001-35-300x199.webp 300w, https:\/\/dompolska.pl\/wp-content\/uploads\/2026\/03\/20160919001-35-1024x681.webp 1024w, https:\/\/dompolska.pl\/wp-content\/uploads\/2026\/03\/20160919001-35-768x510.webp 768w, https:\/\/dompolska.pl\/wp-content\/uploads\/2026\/03\/20160919001-35.webp 1500w\" sizes=\"(max-width: 300px) 100vw, 300px\" \/>\t\t\t\t\t\t\t\t\t\t\t\t\t\t\t<\/div>\n\t\t\t\t<\/div>\n\t\t\t\t<\/div>\n\t\t<div class=\"elementor-element elementor-element-5217b4e e-con-full e-flex e-con e-child\" data-id=\"5217b4e\" data-element_type=\"container\" data-e-type=\"container\">\n\t\t\t\t<div class=\"elementor-element elementor-element-0b9049f elementor-widget elementor-widget-image\" data-id=\"0b9049f\" data-element_type=\"widget\" data-e-type=\"widget\" data-widget_type=\"image.default\">\n\t\t\t\t<div class=\"elementor-widget-container\">\n\t\t\t\t\t\t\t\t\t\t\t\t\t\t\t<img decoding=\"async\" width=\"300\" height=\"200\" src=\"https:\/\/dompolska.pl\/wp-content\/uploads\/2026\/03\/beton-komorkowy-sciany-300x200.jpg\" class=\"attachment-medium size-medium wp-image-37408\" alt=\"\" srcset=\"https:\/\/dompolska.pl\/wp-content\/uploads\/2026\/03\/beton-komorkowy-sciany-300x200.jpg 300w, https:\/\/dompolska.pl\/wp-content\/uploads\/2026\/03\/beton-komorkowy-sciany-1024x683.jpg 1024w, https:\/\/dompolska.pl\/wp-content\/uploads\/2026\/03\/beton-komorkowy-sciany-768x512.jpg 768w, https:\/\/dompolska.pl\/wp-content\/uploads\/2026\/03\/beton-komorkowy-sciany.jpg 1500w\" sizes=\"(max-width: 300px) 100vw, 300px\" \/>\t\t\t\t\t\t\t\t\t\t\t\t\t\t\t<\/div>\n\t\t\t\t<\/div>\n\t\t\t\t<\/div>\n\t\t\t\t\t<\/div>\n\t\t\t\t<\/div>\n\t\t<div class=\"elementor-element elementor-element-94e7f35 e-flex e-con-boxed e-con e-parent\" data-id=\"94e7f35\" data-element_type=\"container\" data-e-type=\"container\">\n\t\t\t\t\t<div class=\"e-con-inner\">\n\t\t\t\t<div class=\"elementor-element elementor-element-5556d80 elementor-align-center elementor-widget elementor-widget-button\" data-id=\"5556d80\" data-element_type=\"widget\" data-e-type=\"widget\" data-widget_type=\"button.default\">\n\t\t\t\t<div class=\"elementor-widget-container\">\n\t\t\t\t\t\t\t\t\t<div class=\"elementor-button-wrapper\">\n\t\t\t\t\t<a class=\"elementor-button elementor-button-link elementor-size-sm\" href=\"\">\n\t\t\t\t\t\t<span class=\"elementor-button-content-wrapper\">\n\t\t\t\t\t\t<span class=\"elementor-button-icon\">\n\t\t\t\t<svg aria-hidden=\"true\" class=\"e-font-icon-svg e-fas-angle-right\" viewBox=\"0 0 256 512\" xmlns=\"http:\/\/www.w3.org\/2000\/svg\"><path d=\"M224.3 273l-136 136c-9.4 9.4-24.6 9.4-33.9 0l-22.6-22.6c-9.4-9.4-9.4-24.6 0-33.9l96.4-96.4-96.4-96.4c-9.4-9.4-9.4-24.6 0-33.9L54.3 103c9.4-9.4 24.6-9.4 33.9 0l136 136c9.5 9.4 9.5 24.6.1 34z\"><\/path><\/svg>\t\t\t<\/span>\n\t\t\t\t\t\t\t\t\t<span class=\"elementor-button-text\">technologia drewniana <\/span>\n\t\t\t\t\t<\/span>\n\t\t\t\t\t<\/a>\n\t\t\t\t<\/div>\n\t\t\t\t\t\t\t\t<\/div>\n\t\t\t\t<\/div>\n\t\t\t\t\t<\/div>\n\t\t\t\t<\/div>\n\t\t\t\t<\/div>\n\t\t","protected":false},"excerpt":{"rendered":"<p>Dom murowany z betonu kom\u00f3rkowego \u2013 trwa\u0142o\u015b\u0107, ciep\u0142o i komfort na lata Budowa domu z betonu kom\u00f3rkowego to po\u0142\u0105czenie tradycyjnej [&hellip;]<\/p>\n","protected":false},"author":6,"featured_media":0,"parent":0,"menu_order":0,"comment_status":"closed","ping_status":"closed","template":"","meta":{"site-sidebar-layout":"no-sidebar","site-content-layout":"","ast-site-content-layout":"full-width-container","site-content-style":"default","site-sidebar-style":"default","ast-global-header-display":"","ast-banner-title-visibility":"","ast-main-header-display":"","ast-hfb-above-header-display":"","ast-hfb-below-header-display":"","ast-hfb-mobile-header-display":"","site-post-title":"disabled","ast-breadcrumbs-content":"","ast-featured-img":"disabled","footer-sml-layout":"","ast-disable-related-posts":"","theme-transparent-header-meta":"","adv-header-id-meta":"","stick-header-meta":"","header-above-stick-meta":"","header-main-stick-meta":"","header-below-stick-meta":"","astra-migrate-meta-layouts":"default","ast-page-background-enabled":"default","ast-page-background-meta":{"desktop":{"background-color":"var(--ast-global-color-4)","background-image":"","background-repeat":"repeat","background-position":"center center","background-size":"auto","background-attachment":"scroll","background-type":"","background-media":"","overlay-type":"","overlay-color":"","overlay-gradient":""},"tablet":{"background-color":"","background-image":"","background-repeat":"repeat","background-position":"center center","background-size":"auto","background-attachment":"scroll","background-type":"","background-media":"","overlay-type":"","overlay-color":"","overlay-gradient":""},"mobile":{"background-color":"","background-image":"","background-repeat":"repeat","background-position":"center center","background-size":"auto","background-attachment":"scroll","background-type":"","background-media":"","overlay-type":"","overlay-color":"","overlay-gradient":""}},"ast-content-background-meta":{"desktop":{"background-color":"var(--ast-global-color-5)","background-image":"","background-repeat":"repeat","background-position":"center center","background-size":"auto","background-attachment":"scroll","background-type":"","background-media":"","overlay-type":"","overlay-color":"","overlay-gradient":""},"tablet":{"background-color":"var(--ast-global-color-5)","background-image":"","background-repeat":"repeat","background-position":"center center","background-size":"auto","background-attachment":"scroll","background-type":"","background-media":"","overlay-type":"","overlay-color":"","overlay-gradient":""},"mobile":{"background-color":"var(--ast-global-color-5)","background-image":"","background-repeat":"repeat","background-position":"center center","background-size":"auto","background-attachment":"scroll","background-type":"","background-media":"","overlay-type":"","overlay-color":"","overlay-gradient":""}},"footnotes":""},"class_list":["post-18224","page","type-page","status-publish","hentry"],"yoast_head":"<!-- This site is optimized with the Yoast SEO plugin v27.4 - https:\/\/yoast.com\/product\/yoast-seo-wordpress\/ -->\n<title>MUROWANA - Budujemy domy parterowe<\/title>\n<meta name=\"robots\" content=\"index, follow, max-snippet:-1, max-image-preview:large, max-video-preview:-1\" \/>\n<link rel=\"canonical\" href=\"https:\/\/dompolska.pl\/?page_id=18224\" \/>\n<meta property=\"og:locale\" content=\"pl_PL\" \/>\n<meta property=\"og:type\" content=\"article\" \/>\n<meta property=\"og:title\" content=\"MUROWANA - Budujemy domy parterowe\" \/>\n<meta property=\"og:description\" content=\"Dom murowany z betonu kom\u00f3rkowego \u2013 trwa\u0142o\u015b\u0107, ciep\u0142o i komfort na lata Budowa domu z betonu kom\u00f3rkowego to po\u0142\u0105czenie tradycyjnej [&hellip;]\" \/>\n<meta property=\"og:url\" content=\"https:\/\/dompolska.pl\/?page_id=18224\" \/>\n<meta property=\"og:site_name\" content=\"Budujemy domy parterowe\" \/>\n<meta property=\"article:publisher\" content=\"https:\/\/www.facebook.com\/profile.php?id=61573777104565\" \/>\n<meta property=\"article:modified_time\" content=\"2026-03-17T15:39:41+00:00\" \/>\n<meta property=\"og:image\" content=\"https:\/\/dompolska.pl\/wp-content\/uploads\/2026\/01\/beton-komorkowy-sciany.jpg\" \/>\n<meta name=\"twitter:card\" content=\"summary_large_image\" \/>\n<meta name=\"twitter:label1\" content=\"Szacowany czas czytania\" \/>\n\t<meta name=\"twitter:data1\" content=\"1 minuta\" \/>\n<script type=\"application\/ld+json\" class=\"yoast-schema-graph\">{\"@context\":\"https:\\\/\\\/schema.org\",\"@graph\":[{\"@type\":\"WebPage\",\"@id\":\"https:\\\/\\\/dompolska.pl\\\/?page_id=18224\",\"url\":\"https:\\\/\\\/dompolska.pl\\\/?page_id=18224\",\"name\":\"MUROWANA - Budujemy domy parterowe\",\"isPartOf\":{\"@id\":\"https:\\\/\\\/dompolska.pl\\\/#website\"},\"primaryImageOfPage\":{\"@id\":\"https:\\\/\\\/dompolska.pl\\\/?page_id=18224#primaryimage\"},\"image\":{\"@id\":\"https:\\\/\\\/dompolska.pl\\\/?page_id=18224#primaryimage\"},\"thumbnailUrl\":\"https:\\\/\\\/dompolska.pl\\\/wp-content\\\/uploads\\\/2026\\\/01\\\/beton-komorkowy-sciany.jpg\",\"datePublished\":\"2026-01-20T16:19:22+00:00\",\"dateModified\":\"2026-03-17T15:39:41+00:00\",\"breadcrumb\":{\"@id\":\"https:\\\/\\\/dompolska.pl\\\/?page_id=18224#breadcrumb\"},\"inLanguage\":\"pl-PL\",\"potentialAction\":[{\"@type\":\"ReadAction\",\"target\":[\"https:\\\/\\\/dompolska.pl\\\/?page_id=18224\"]}]},{\"@type\":\"ImageObject\",\"inLanguage\":\"pl-PL\",\"@id\":\"https:\\\/\\\/dompolska.pl\\\/?page_id=18224#primaryimage\",\"url\":\"https:\\\/\\\/dompolska.pl\\\/wp-content\\\/uploads\\\/2026\\\/01\\\/beton-komorkowy-sciany.jpg\",\"contentUrl\":\"https:\\\/\\\/dompolska.pl\\\/wp-content\\\/uploads\\\/2026\\\/01\\\/beton-komorkowy-sciany.jpg\"},{\"@type\":\"BreadcrumbList\",\"@id\":\"https:\\\/\\\/dompolska.pl\\\/?page_id=18224#breadcrumb\",\"itemListElement\":[{\"@type\":\"ListItem\",\"position\":1,\"name\":\"Strona g\u0142\u00f3wna\",\"item\":\"https:\\\/\\\/dompolska.pl\\\/\"},{\"@type\":\"ListItem\",\"position\":2,\"name\":\"MUROWANA\"}]},{\"@type\":\"WebSite\",\"@id\":\"https:\\\/\\\/dompolska.pl\\\/#website\",\"url\":\"https:\\\/\\\/dompolska.pl\\\/\",\"name\":\"Budujemy 3 modele dom\u00f3w parterowych\",\"description\":\"\",\"publisher\":{\"@id\":\"https:\\\/\\\/dompolska.pl\\\/#organization\"},\"potentialAction\":[{\"@type\":\"SearchAction\",\"target\":{\"@type\":\"EntryPoint\",\"urlTemplate\":\"https:\\\/\\\/dompolska.pl\\\/?s={search_term_string}\"},\"query-input\":{\"@type\":\"PropertyValueSpecification\",\"valueRequired\":true,\"valueName\":\"search_term_string\"}}],\"inLanguage\":\"pl-PL\"},{\"@type\":\"Organization\",\"@id\":\"https:\\\/\\\/dompolska.pl\\\/#organization\",\"name\":\"DomPolska\",\"url\":\"https:\\\/\\\/dompolska.pl\\\/\",\"logo\":{\"@type\":\"ImageObject\",\"inLanguage\":\"pl-PL\",\"@id\":\"https:\\\/\\\/dompolska.pl\\\/#\\\/schema\\\/logo\\\/image\\\/\",\"url\":\"https:\\\/\\\/dompolska.pl\\\/wp-content\\\/uploads\\\/2026\\\/03\\\/cropped-logo-czarne-przezroczyste.png.png\",\"contentUrl\":\"https:\\\/\\\/dompolska.pl\\\/wp-content\\\/uploads\\\/2026\\\/03\\\/cropped-logo-czarne-przezroczyste.png.png\",\"width\":500,\"height\":167,\"caption\":\"DomPolska\"},\"image\":{\"@id\":\"https:\\\/\\\/dompolska.pl\\\/#\\\/schema\\\/logo\\\/image\\\/\"},\"sameAs\":[\"https:\\\/\\\/www.facebook.com\\\/profile.php?id=61573777104565\"]}]}<\/script>\n<!-- \/ Yoast SEO plugin. -->","yoast_head_json":{"title":"MUROWANA - Budujemy domy parterowe","robots":{"index":"index","follow":"follow","max-snippet":"max-snippet:-1","max-image-preview":"max-image-preview:large","max-video-preview":"max-video-preview:-1"},"canonical":"https:\/\/dompolska.pl\/?page_id=18224","og_locale":"pl_PL","og_type":"article","og_title":"MUROWANA - Budujemy domy parterowe","og_description":"Dom murowany z betonu kom\u00f3rkowego \u2013 trwa\u0142o\u015b\u0107, ciep\u0142o i komfort na lata Budowa domu z betonu kom\u00f3rkowego to po\u0142\u0105czenie tradycyjnej [&hellip;]","og_url":"https:\/\/dompolska.pl\/?page_id=18224","og_site_name":"Budujemy domy parterowe","article_publisher":"https:\/\/www.facebook.com\/profile.php?id=61573777104565","article_modified_time":"2026-03-17T15:39:41+00:00","og_image":[{"url":"https:\/\/dompolska.pl\/wp-content\/uploads\/2026\/01\/beton-komorkowy-sciany.jpg","type":"","width":"","height":""}],"twitter_card":"summary_large_image","twitter_misc":{"Szacowany czas czytania":"1 minuta"},"schema":{"@context":"https:\/\/schema.org","@graph":[{"@type":"WebPage","@id":"https:\/\/dompolska.pl\/?page_id=18224","url":"https:\/\/dompolska.pl\/?page_id=18224","name":"MUROWANA - Budujemy domy parterowe","isPartOf":{"@id":"https:\/\/dompolska.pl\/#website"},"primaryImageOfPage":{"@id":"https:\/\/dompolska.pl\/?page_id=18224#primaryimage"},"image":{"@id":"https:\/\/dompolska.pl\/?page_id=18224#primaryimage"},"thumbnailUrl":"https:\/\/dompolska.pl\/wp-content\/uploads\/2026\/01\/beton-komorkowy-sciany.jpg","datePublished":"2026-01-20T16:19:22+00:00","dateModified":"2026-03-17T15:39:41+00:00","breadcrumb":{"@id":"https:\/\/dompolska.pl\/?page_id=18224#breadcrumb"},"inLanguage":"pl-PL","potentialAction":[{"@type":"ReadAction","target":["https:\/\/dompolska.pl\/?page_id=18224"]}]},{"@type":"ImageObject","inLanguage":"pl-PL","@id":"https:\/\/dompolska.pl\/?page_id=18224#primaryimage","url":"https:\/\/dompolska.pl\/wp-content\/uploads\/2026\/01\/beton-komorkowy-sciany.jpg","contentUrl":"https:\/\/dompolska.pl\/wp-content\/uploads\/2026\/01\/beton-komorkowy-sciany.jpg"},{"@type":"BreadcrumbList","@id":"https:\/\/dompolska.pl\/?page_id=18224#breadcrumb","itemListElement":[{"@type":"ListItem","position":1,"name":"Strona g\u0142\u00f3wna","item":"https:\/\/dompolska.pl\/"},{"@type":"ListItem","position":2,"name":"MUROWANA"}]},{"@type":"WebSite","@id":"https:\/\/dompolska.pl\/#website","url":"https:\/\/dompolska.pl\/","name":"Budujemy 3 modele dom\u00f3w parterowych","description":"","publisher":{"@id":"https:\/\/dompolska.pl\/#organization"},"potentialAction":[{"@type":"SearchAction","target":{"@type":"EntryPoint","urlTemplate":"https:\/\/dompolska.pl\/?s={search_term_string}"},"query-input":{"@type":"PropertyValueSpecification","valueRequired":true,"valueName":"search_term_string"}}],"inLanguage":"pl-PL"},{"@type":"Organization","@id":"https:\/\/dompolska.pl\/#organization","name":"DomPolska","url":"https:\/\/dompolska.pl\/","logo":{"@type":"ImageObject","inLanguage":"pl-PL","@id":"https:\/\/dompolska.pl\/#\/schema\/logo\/image\/","url":"https:\/\/dompolska.pl\/wp-content\/uploads\/2026\/03\/cropped-logo-czarne-przezroczyste.png.png","contentUrl":"https:\/\/dompolska.pl\/wp-content\/uploads\/2026\/03\/cropped-logo-czarne-przezroczyste.png.png","width":500,"height":167,"caption":"DomPolska"},"image":{"@id":"https:\/\/dompolska.pl\/#\/schema\/logo\/image\/"},"sameAs":["https:\/\/www.facebook.com\/profile.php?id=61573777104565"]}]}},"_links":{"self":[{"href":"https:\/\/dompolska.pl\/index.php?rest_route=\/wp\/v2\/pages\/18224","targetHints":{"allow":["GET"]}}],"collection":[{"href":"https:\/\/dompolska.pl\/index.php?rest_route=\/wp\/v2\/pages"}],"about":[{"href":"https:\/\/dompolska.pl\/index.php?rest_route=\/wp\/v2\/types\/page"}],"author":[{"embeddable":true,"href":"https:\/\/dompolska.pl\/index.php?rest_route=\/wp\/v2\/users\/6"}],"replies":[{"embeddable":true,"href":"https:\/\/dompolska.pl\/index.php?rest_route=%2Fwp%2Fv2%2Fcomments&post=18224"}],"version-history":[{"count":25,"href":"https:\/\/dompolska.pl\/index.php?rest_route=\/wp\/v2\/pages\/18224\/revisions"}],"predecessor-version":[{"id":37411,"href":"https:\/\/dompolska.pl\/index.php?rest_route=\/wp\/v2\/pages\/18224\/revisions\/37411"}],"wp:attachment":[{"href":"https:\/\/dompolska.pl\/index.php?rest_route=%2Fwp%2Fv2%2Fmedia&parent=18224"}],"curies":[{"name":"wp","href":"https:\/\/api.w.org\/{rel}","templated":true}]}}